{"id":16,"date":"2024-05-30T03:19:27","date_gmt":"2024-05-30T00:19:27","guid":{"rendered":"https:\/\/pinupcasinouz.com\/?page_id=16"},"modified":"2024-06-03T16:12:16","modified_gmt":"2024-06-03T13:12:16","slug":"how-to-withdraw-winnings-from-pin-up-casino-in-uzbekistan","status":"publish","type":"page","link":"https:\/\/pinupcasinouz.com\/pt\/how-to-withdraw-winnings-from-pin-up-casino-in-uzbekistan\/","title":{"rendered":"Como Sacar Ganhos do Pin Up Casino no Uzbequist\u00e3o"},"content":{"rendered":"<p><span style=\"font-weight: 400;\">O Pin Up Casino oferece aos seus jogadores muitas oportunidades para retirar seus ganhos. Neste artigo, detalharemos o processo de retirada, os m\u00e9todos dispon\u00edveis e pontos importantes a serem considerados ao retirar ganhos no Pin Up Casino no Uzbequist\u00e3o.<\/span><\/p>\n<h3><b>Passo 1: Verifique se sua conta est\u00e1 verificada<\/b><\/h3>\n<p><span style=\"font-weight: 400;\">Antes de poder retirar fundos, verifique se sua conta est\u00e1 verificada. O Pin Up Casino exige a verifica\u00e7\u00e3o da conta para garantir a seguran\u00e7a e evitar fraudes. Siga estas etapas:<\/span><\/p>\n<ol>\n<li style=\"font-weight: 400;\" aria-level=\"1\"><b>Fa\u00e7a login na sua conta<\/b><span style=\"font-weight: 400;\">:<\/span>\n<ul>\n<li style=\"font-weight: 400;\" aria-level=\"2\"><span style=\"font-weight: 400;\">Acesse o site oficial do Pin Up Casino e fa\u00e7a login na sua conta usando seu nome de usu\u00e1rio e senha.<\/span><\/li>\n<\/ul>\n<\/li>\n<li style=\"font-weight: 400;\" aria-level=\"1\"><b>Envie os documentos necess\u00e1rios<\/b><span style=\"font-weight: 400;\">:<\/span>\n<ul>\n<li style=\"font-weight: 400;\" aria-level=\"2\"><span style=\"font-weight: 400;\">Na se\u00e7\u00e3o &#8220;Minha Conta&#8221; ou &#8220;Configura\u00e7\u00f5es&#8221;, encontre a guia &#8220;Verifica\u00e7\u00e3o&#8221;. Voc\u00ea precisar\u00e1 enviar digitaliza\u00e7\u00f5es ou fotos dos seguintes documentos:<\/span>\n<ul>\n<li style=\"font-weight: 400;\" aria-level=\"3\"><span style=\"font-weight: 400;\">Passaporte ou outro documento de identidade.<\/span><\/li>\n<li style=\"font-weight: 400;\" aria-level=\"3\"><span style=\"font-weight: 400;\">Comprovante de endere\u00e7o (por exemplo, conta de servi\u00e7os p\u00fablicos).<\/span><\/li>\n<li style=\"font-weight: 400;\" aria-level=\"3\"><span style=\"font-weight: 400;\">Foto do seu cart\u00e3o banc\u00e1rio (se voc\u00ea planeja us\u00e1-lo para saques). Certifique-se de que apenas os seis primeiros e os quatro \u00faltimos d\u00edgitos do n\u00famero do cart\u00e3o sejam vis\u00edveis.<\/span><\/li>\n<\/ul>\n<\/li>\n<\/ul>\n<\/li>\n<li style=\"font-weight: 400;\" aria-level=\"1\"><b>Aguarde confirma\u00e7\u00e3o<\/b><span style=\"font-weight: 400;\">:<\/span>\n<ul>\n<li style=\"font-weight: 400;\" aria-level=\"2\"><span style=\"font-weight: 400;\">Ap\u00f3s enviar os documentos, os administradores do cassino os verificar\u00e3o. Esse processo geralmente leva de algumas horas a alguns dias. Voc\u00ea receber\u00e1 uma notifica\u00e7\u00e3o por e-mail quando a verifica\u00e7\u00e3o estiver completa.<\/span><\/li>\n<\/ul>\n<\/li>\n<\/ol>\n<h3><b>Passo 2: Verifique os m\u00e9todos de retirada dispon\u00edveis<\/b><\/h3>\n<p><span style=\"font-weight: 400;\">O Pin Up Casino oferece v\u00e1rios m\u00e9todos de retirada para jogadores do Uzbequist\u00e3o. Antes de iniciar o processo de retirada, verifique se o m\u00e9todo escolhido est\u00e1 dispon\u00edvel e \u00e9 adequado para voc\u00ea. Os m\u00e9todos mais populares incluem:<\/span><\/p>\n<ol>\n<li style=\"font-weight: 400;\" aria-level=\"1\"><b>Cart\u00f5es banc\u00e1rios<\/b><span style=\"font-weight: 400;\">:<\/span>\n<ul>\n<li style=\"font-weight: 400;\" aria-level=\"2\"><span style=\"font-weight: 400;\">Voc\u00ea pode retirar fundos para seus cart\u00f5es de cr\u00e9dito ou d\u00e9bito Visa e MasterCard. Este \u00e9 um m\u00e9todo conveniente e popular.<\/span><\/li>\n<\/ul>\n<\/li>\n<li style=\"font-weight: 400;\" aria-level=\"1\"><b>Carteiras eletr\u00f4nicas<\/b><span style=\"font-weight: 400;\">:<\/span>\n<ul>\n<li style=\"font-weight: 400;\" aria-level=\"2\"><span style=\"font-weight: 400;\">O cassino suporta muitas carteiras eletr\u00f4nicas como Skrill, Neteller e outras. Esses m\u00e9todos s\u00e3o frequentemente usados devido \u00e0 rapidez das transa\u00e7\u00f5es e conveni\u00eancia.<\/span><\/li>\n<\/ul>\n<\/li>\n<li style=\"font-weight: 400;\" aria-level=\"1\"><b>Transfer\u00eancia banc\u00e1ria<\/b><span style=\"font-weight: 400;\">:<\/span>\n<ul>\n<li style=\"font-weight: 400;\" aria-level=\"2\"><span style=\"font-weight: 400;\">Voc\u00ea pode retirar fundos diretamente para sua conta banc\u00e1ria. Este m\u00e9todo pode levar alguns dias \u00fateis, mas \u00e9 confi\u00e1vel.<\/span><\/li>\n<\/ul>\n<\/li>\n<li style=\"font-weight: 400;\" aria-level=\"1\"><b>Criptomoedas<\/b><span style=\"font-weight: 400;\">:<\/span>\n<ul>\n<li style=\"font-weight: 400;\" aria-level=\"2\"><span style=\"font-weight: 400;\">Se preferir usar criptomoedas como Bitcoin ou Ethereum, o Pin Up Casino tamb\u00e9m suporta este m\u00e9todo de retirada.<\/span><\/li>\n<\/ul>\n<\/li>\n<\/ol>\n<h3><b>Passo 3: Inicie o processo de retirada<\/b><\/h3>\n<p><span style=\"font-weight: 400;\">Ap\u00f3s a verifica\u00e7\u00e3o da conta e a sele\u00e7\u00e3o de um m\u00e9todo de retirada adequado, siga estas etapas:<\/span><\/p>\n<ol>\n<li style=\"font-weight: 400;\" aria-level=\"1\"><b>Ir para a se\u00e7\u00e3o &#8220;Caixa&#8221;<\/b><span style=\"font-weight: 400;\">:<\/span>\n<ul>\n<li style=\"font-weight: 400;\" aria-level=\"2\"><span style=\"font-weight: 400;\">Fa\u00e7a login na sua conta e encontre a guia &#8220;Caixa&#8221; ou &#8220;Retirada&#8221;.<\/span><\/li>\n<\/ul>\n<\/li>\n<li style=\"font-weight: 400;\" aria-level=\"1\"><b>Selecione um m\u00e9todo de retirada<\/b><span style=\"font-weight: 400;\">:<\/span>\n<ul>\n<li style=\"font-weight: 400;\" aria-level=\"2\"><span style=\"font-weight: 400;\">Escolha um m\u00e9todo de retirada adequado entre as op\u00e7\u00f5es dispon\u00edveis.<\/span><\/li>\n<\/ul>\n<\/li>\n<li style=\"font-weight: 400;\" aria-level=\"1\"><b>Insira o valor da retirada<\/b><span style=\"font-weight: 400;\">:<\/span>\n<ul>\n<li style=\"font-weight: 400;\" aria-level=\"2\"><span style=\"font-weight: 400;\">Especifique o valor que deseja retirar. Observe os limites m\u00ednimos e m\u00e1ximos de retirada.<\/span><\/li>\n<\/ul>\n<\/li>\n<li style=\"font-weight: 400;\" aria-level=\"1\"><b>Confirme a retirada<\/b><span style=\"font-weight: 400;\">:<\/span>\n<ul>\n<li style=\"font-weight: 400;\" aria-level=\"2\"><span style=\"font-weight: 400;\">Digite os detalhes necess\u00e1rios (por exemplo, n\u00famero do cart\u00e3o ou carteira eletr\u00f4nica) e confirme a transa\u00e7\u00e3o.<\/span><\/li>\n<\/ul>\n<\/li>\n<\/ol>\n<h3><b>Passo 4: Aguarde o processamento do pedido<\/b><\/h3>\n<p><span style=\"font-weight: 400;\">Ap\u00f3s enviar um pedido de retirada, o Pin Up Casino come\u00e7ar\u00e1 a processar seu pedido. O tempo de processamento pode variar dependendo do m\u00e9todo selecionado:<\/span><\/p>\n<ol>\n<li style=\"font-weight: 400;\" aria-level=\"1\"><b>Carteiras eletr\u00f4nicas<\/b><span style=\"font-weight: 400;\">:<\/span>\n<ul>\n<li style=\"font-weight: 400;\" aria-level=\"2\"><span style=\"font-weight: 400;\">Os fundos geralmente chegam \u00e0 sua carteira dentro de 24-48 horas.<\/span><\/li>\n<\/ul>\n<\/li>\n<li style=\"font-weight: 400;\" aria-level=\"1\"><b>Cart\u00f5es banc\u00e1rios<\/b><span style=\"font-weight: 400;\">:<\/span>\n<ul>\n<li style=\"font-weight: 400;\" aria-level=\"2\"><span style=\"font-weight: 400;\">Retiradas para cart\u00f5es banc\u00e1rios podem levar de 3 a 5 dias \u00fateis.<\/span><\/li>\n<\/ul>\n<\/li>\n<li style=\"font-weight: 400;\" aria-level=\"1\"><b>Transfer\u00eancia banc\u00e1ria<\/b><span style=\"font-weight: 400;\">:<\/span>\n<ul>\n<li style=\"font-weight: 400;\" aria-level=\"2\"><span style=\"font-weight: 400;\">Este m\u00e9todo pode levar de 5 a 7 dias \u00fateis.<\/span><\/li>\n<\/ul>\n<\/li>\n<li style=\"font-weight: 400;\" aria-level=\"1\"><b>Criptomoedas<\/b><span style=\"font-weight: 400;\">:<\/span>\n<ul>\n<li style=\"font-weight: 400;\" aria-level=\"2\"><span style=\"font-weight: 400;\">As transa\u00e7\u00f5es com criptomoedas geralmente s\u00e3o processadas dentro de algumas horas.<\/span><\/li>\n<\/ul>\n<\/li>\n<\/ol>\n<h3><b>Pontos Importantes<\/b><\/h3>\n<ol>\n<li style=\"font-weight: 400;\" aria-level=\"1\"><b>Taxas de Retirada<\/b><span style=\"font-weight: 400;\">:<\/span>\n<ul>\n<li style=\"font-weight: 400;\" aria-level=\"2\"><span style=\"font-weight: 400;\">Alguns m\u00e9todos de retirada podem ter taxas. Certifique-se de estar ciente de quaisquer taxas potenciais antes de retirar fundos.<\/span><\/li>\n<\/ul>\n<\/li>\n<li style=\"font-weight: 400;\" aria-level=\"1\"><b>Requisitos de Aposta<\/b><span style=\"font-weight: 400;\">:<\/span>\n<ul>\n<li style=\"font-weight: 400;\" aria-level=\"2\"><span style=\"font-weight: 400;\">Se voc\u00ea usou fundos de b\u00f4nus, certifique-se de cumprir todos os requisitos de aposta antes de solicitar uma retirada.<\/span><\/li>\n<\/ul>\n<\/li>\n<li style=\"font-weight: 400;\" aria-level=\"1\"><b>Limites de Retirada<\/b><span style=\"font-weight: 400;\">:<\/span>\n<ul>\n<li style=\"font-weight: 400;\" aria-level=\"2\"><span style=\"font-weight: 400;\">Familiarize-se com os limites m\u00ednimos e m\u00e1ximos de retirada para o m\u00e9todo escolhido.<\/span><\/li>\n<\/ul>\n<\/li>\n<li style=\"font-weight: 400;\" aria-level=\"1\"><b>Seguran\u00e7a<\/b><span style=\"font-weight: 400;\">:<\/span>\n<ul>\n<li style=\"font-weight: 400;\" aria-level=\"2\"><span style=\"font-weight: 400;\">O Casino Pin Up utiliza tecnologias de criptografia modernas para proteger seus dados e transa\u00e7\u00f5es.<\/span><\/li>\n<\/ul>\n<\/li>\n<\/ol>\n<h3><b>Conclus\u00e3o<\/b><\/h3>\n<p><span style=\"font-weight: 400;\">Retirar ganhos no Casino Pin Up no Uzbequist\u00e3o \u00e9 um processo simples e seguro se voc\u00ea seguir todos os passos necess\u00e1rios. Certifique-se de que sua conta esteja verificada, escolha um m\u00e9todo de retirada adequado e siga as instru\u00e7\u00f5es para concluir a transa\u00e7\u00e3o com sucesso. Aproveite seus ganhos e boa sorte no jogo!<\/span><\/p>\n","protected":false},"excerpt":{"rendered":"<p>O Pin Up Casino oferece aos seus jogadores muitas oportunidades para retirar seus ganhos. Neste artigo, detalharemos o processo de retirada, os m\u00e9todos dispon\u00edveis e pontos importantes a serem considerados ao retirar ganhos no Pin Up Casino no Uzbequist\u00e3o. Passo&#8230; <a href=\"https:\/\/pinupcasinouz.com\/pt\/how-to-withdraw-winnings-from-pin-up-casino-in-uzbekistan\/\" class=\"readmore\">Read more<span class=\"screen-reader-text\">Como Sacar Ganhos do Pin Up Casino no Uzbequist\u00e3o<\/span><span class=\"fa fa-angle-double-right\" aria-hidden=\"true\"><\/span><\/a><\/p>\n","protected":false},"author":1,"featured_media":0,"parent":0,"menu_order":0,"comment_status":"closed","ping_status":"closed","template":"template\/full-width.php","meta":{"footnotes":""},"class_list":["post-16","page","type-page","status-publish","hentry"],"yoast_head":"<!-- This site is optimized with the Yoast SEO plugin v27.2 - https:\/\/yoast.com\/product\/yoast-seo-wordpress\/ -->\n<title>\u0412\u044b\u0432\u0435\u0441\u0442\u0438 \u0432\u044b\u0438\u0433\u0440\u044b\u0448 \u0432 \u043a\u0430\u0437\u0438\u043d\u043e \u041f\u0438\u043d \u0410\u043f \u0432 \u0423\u0437\u0431\u0435\u043a\u0438\u0441\u0442\u0430\u043d\u0435<\/title>\n<meta name=\"description\" content=\"Se voc\u00ea ganhou no Casino Pin Up no Uzbequist\u00e3o, retirar seus ganhos n\u00e3o levar\u00e1 muito tempo. N\u00f3s detalhamos os m\u00e9todos mais populares para retirar ganhos.\" \/>\n<meta name=\"robots\" content=\"index, follow, max-snippet:-1, max-image-preview:large, max-video-preview:-1\" \/>\n<link rel=\"canonical\" href=\"https:\/\/pinupcasinouz.com\/pt\/how-to-withdraw-winnings-from-pin-up-casino-in-uzbekistan\/\" \/>\n<meta property=\"og:locale\" content=\"pt_PT\" \/>\n<meta property=\"og:locale:alternate\" content=\"ru_RU\" \/>\n<meta property=\"og:locale:alternate\" content=\"en_US\" \/>\n<meta property=\"og:locale:alternate\" content=\"es_ES\" \/>\n<meta property=\"og:locale:alternate\" content=\"kk\" \/>\n<meta property=\"og:locale:alternate\" content=\"ky_KY\" \/>\n<meta property=\"og:locale:alternate\" content=\"uz_UZ\" \/>\n<meta property=\"og:type\" content=\"article\" \/>\n<meta property=\"og:title\" content=\"\u0412\u044b\u0432\u0435\u0441\u0442\u0438 \u0432\u044b\u0438\u0433\u0440\u044b\u0448 \u0432 \u043a\u0430\u0437\u0438\u043d\u043e \u041f\u0438\u043d \u0410\u043f \u0432 \u0423\u0437\u0431\u0435\u043a\u0438\u0441\u0442\u0430\u043d\u0435\" \/>\n<meta property=\"og:description\" content=\"\u0415\u0441\u043b\u0438 \u0432\u044b \u0432\u044b\u0438\u0433\u0440\u0430\u043b\u0438 \u0432 \u043a\u0430\u0437\u0438\u043d\u043e \u041f\u0438\u043d \u0410\u043f \u0432 \u0423\u0437\u0431\u0435\u043a\u0438\u0441\u0442\u0430\u043d\u0435, \u0442\u043e \u0432\u044b\u0432\u043e\u0434 \u0432\u044b\u0438\u0433\u0440\u044b\u0448\u0430 \u043d\u0435 \u0437\u0430\u0439\u043c\u0435\u0442 \u043c\u043d\u043e\u0433\u043e \u0432\u0440\u0435\u043c\u0435\u043d\u0438. \u041c\u044b \u0440\u0430\u0441\u0441\u043a\u0430\u0437\u0430\u043b\u0438 \u043e \u0441\u0430\u043c\u044b\u0445 \u043f\u043e\u043f\u0443\u043b\u044f\u0440\u043d\u044b\u0445 \u0441\u043f\u043e\u0441\u043e\u0431\u0430\u0445 \u0432\u044b\u0432\u043e\u0434\u0430 \u0432\u044b\u0438\u0433\u0440\u044b\u0448\u0430\" \/>\n<meta property=\"og:url\" content=\"https:\/\/pinupcasinouz.com\/pt\/how-to-withdraw-winnings-from-pin-up-casino-in-uzbekistan\/\" \/>\n<meta property=\"og:site_name\" content=\"PinUp Casino\" \/>\n<meta property=\"article:modified_time\" content=\"2024-06-03T13:12:16+00:00\" \/>\n<meta name=\"twitter:card\" content=\"summary_large_image\" \/>\n<meta name=\"twitter:label1\" content=\"Tempo estimado de leitura\" \/>\n\t<meta name=\"twitter:data1\" content=\"13 minutos\" \/>\n<script type=\"application\/ld+json\" class=\"yoast-schema-graph\">{\"@context\":\"https:\/\/schema.org\",\"@graph\":[{\"@type\":\"WebPage\",\"@id\":\"https:\/\/pinupcasinouz.com\/how-to-withdraw-winnings-from-pin-up-casino-in-uzbekistan\/\",\"url\":\"https:\/\/pinupcasinouz.com\/how-to-withdraw-winnings-from-pin-up-casino-in-uzbekistan\/\",\"name\":\"\u0412\u044b\u0432\u0435\u0441\u0442\u0438 \u0432\u044b\u0438\u0433\u0440\u044b\u0448 \u0432 \u043a\u0430\u0437\u0438\u043d\u043e \u041f\u0438\u043d \u0410\u043f \u0432 \u0423\u0437\u0431\u0435\u043a\u0438\u0441\u0442\u0430\u043d\u0435\",\"isPartOf\":{\"@id\":\"https:\/\/pinupcasinouz.com\/#website\"},\"datePublished\":\"2024-05-30T00:19:27+00:00\",\"dateModified\":\"2024-06-03T13:12:16+00:00\",\"description\":\"\u0415\u0441\u043b\u0438 \u0432\u044b \u0432\u044b\u0438\u0433\u0440\u0430\u043b\u0438 \u0432 \u043a\u0430\u0437\u0438\u043d\u043e \u041f\u0438\u043d \u0410\u043f \u0432 \u0423\u0437\u0431\u0435\u043a\u0438\u0441\u0442\u0430\u043d\u0435, \u0442\u043e \u0432\u044b\u0432\u043e\u0434 \u0432\u044b\u0438\u0433\u0440\u044b\u0448\u0430 \u043d\u0435 \u0437\u0430\u0439\u043c\u0435\u0442 \u043c\u043d\u043e\u0433\u043e \u0432\u0440\u0435\u043c\u0435\u043d\u0438. \u041c\u044b \u0440\u0430\u0441\u0441\u043a\u0430\u0437\u0430\u043b\u0438 \u043e \u0441\u0430\u043c\u044b\u0445 \u043f\u043e\u043f\u0443\u043b\u044f\u0440\u043d\u044b\u0445 \u0441\u043f\u043e\u0441\u043e\u0431\u0430\u0445 \u0432\u044b\u0432\u043e\u0434\u0430 \u0432\u044b\u0438\u0433\u0440\u044b\u0448\u0430\",\"breadcrumb\":{\"@id\":\"https:\/\/pinupcasinouz.com\/how-to-withdraw-winnings-from-pin-up-casino-in-uzbekistan\/#breadcrumb\"},\"inLanguage\":\"pt-PT\",\"potentialAction\":[{\"@type\":\"ReadAction\",\"target\":[\"https:\/\/pinupcasinouz.com\/how-to-withdraw-winnings-from-pin-up-casino-in-uzbekistan\/\"]}]},{\"@type\":\"BreadcrumbList\",\"@id\":\"https:\/\/pinupcasinouz.com\/how-to-withdraw-winnings-from-pin-up-casino-in-uzbekistan\/#breadcrumb\",\"itemListElement\":[{\"@type\":\"ListItem\",\"position\":1,\"name\":\"\u0413\u043b\u0430\u0432\u043d\u0430\u044f \u0441\u0442\u0440\u0430\u043d\u0438\u0446\u0430\",\"item\":\"https:\/\/pinupcasinouz.com\/\"},{\"@type\":\"ListItem\",\"position\":2,\"name\":\"\u041a\u0430\u043a \u0432\u044b\u0432\u0435\u0441\u0442\u0438 \u0432\u044b\u0438\u0433\u0440\u044b\u0448 \u0432 \u043a\u0430\u0437\u0438\u043d\u043e \u041f\u0438\u043d \u0410\u043f \u0432 \u0423\u0437\u0431\u0435\u043a\u0438\u0441\u0442\u0430\u043d\u0435\"}]},{\"@type\":\"WebSite\",\"@id\":\"https:\/\/pinupcasinouz.com\/#website\",\"url\":\"https:\/\/pinupcasinouz.com\/\",\"name\":\"PinUp Casino\",\"description\":\"\",\"potentialAction\":[{\"@type\":\"SearchAction\",\"target\":{\"@type\":\"EntryPoint\",\"urlTemplate\":\"https:\/\/pinupcasinouz.com\/?s={search_term_string}\"},\"query-input\":{\"@type\":\"PropertyValueSpecification\",\"valueRequired\":true,\"valueName\":\"search_term_string\"}}],\"inLanguage\":\"pt-PT\"}]}<\/script>\n<!-- \/ Yoast SEO plugin. -->","yoast_head_json":{"title":"\u0412\u044b\u0432\u0435\u0441\u0442\u0438 \u0432\u044b\u0438\u0433\u0440\u044b\u0448 \u0432 \u043a\u0430\u0437\u0438\u043d\u043e \u041f\u0438\u043d \u0410\u043f \u0432 \u0423\u0437\u0431\u0435\u043a\u0438\u0441\u0442\u0430\u043d\u0435","description":"Se voc\u00ea ganhou no Casino Pin Up no Uzbequist\u00e3o, retirar seus ganhos n\u00e3o levar\u00e1 muito tempo. N\u00f3s detalhamos os m\u00e9todos mais populares para retirar ganhos.","robots":{"index":"index","follow":"follow","max-snippet":"max-snippet:-1","max-image-preview":"max-image-preview:large","max-video-preview":"max-video-preview:-1"},"canonical":"https:\/\/pinupcasinouz.com\/pt\/how-to-withdraw-winnings-from-pin-up-casino-in-uzbekistan\/","og_locale":"pt_PT","og_type":"article","og_title":"\u0412\u044b\u0432\u0435\u0441\u0442\u0438 \u0432\u044b\u0438\u0433\u0440\u044b\u0448 \u0432 \u043a\u0430\u0437\u0438\u043d\u043e \u041f\u0438\u043d \u0410\u043f \u0432 \u0423\u0437\u0431\u0435\u043a\u0438\u0441\u0442\u0430\u043d\u0435","og_description":"\u0415\u0441\u043b\u0438 \u0432\u044b \u0432\u044b\u0438\u0433\u0440\u0430\u043b\u0438 \u0432 \u043a\u0430\u0437\u0438\u043d\u043e \u041f\u0438\u043d \u0410\u043f \u0432 \u0423\u0437\u0431\u0435\u043a\u0438\u0441\u0442\u0430\u043d\u0435, \u0442\u043e \u0432\u044b\u0432\u043e\u0434 \u0432\u044b\u0438\u0433\u0440\u044b\u0448\u0430 \u043d\u0435 \u0437\u0430\u0439\u043c\u0435\u0442 \u043c\u043d\u043e\u0433\u043e \u0432\u0440\u0435\u043c\u0435\u043d\u0438. \u041c\u044b \u0440\u0430\u0441\u0441\u043a\u0430\u0437\u0430\u043b\u0438 \u043e \u0441\u0430\u043c\u044b\u0445 \u043f\u043e\u043f\u0443\u043b\u044f\u0440\u043d\u044b\u0445 \u0441\u043f\u043e\u0441\u043e\u0431\u0430\u0445 \u0432\u044b\u0432\u043e\u0434\u0430 \u0432\u044b\u0438\u0433\u0440\u044b\u0448\u0430","og_url":"https:\/\/pinupcasinouz.com\/pt\/how-to-withdraw-winnings-from-pin-up-casino-in-uzbekistan\/","og_site_name":"PinUp Casino","article_modified_time":"2024-06-03T13:12:16+00:00","twitter_card":"summary_large_image","twitter_misc":{"Tempo estimado de leitura":"13 minutos"},"schema":{"@context":"https:\/\/schema.org","@graph":[{"@type":"WebPage","@id":"https:\/\/pinupcasinouz.com\/how-to-withdraw-winnings-from-pin-up-casino-in-uzbekistan\/","url":"https:\/\/pinupcasinouz.com\/how-to-withdraw-winnings-from-pin-up-casino-in-uzbekistan\/","name":"\u0412\u044b\u0432\u0435\u0441\u0442\u0438 \u0432\u044b\u0438\u0433\u0440\u044b\u0448 \u0432 \u043a\u0430\u0437\u0438\u043d\u043e \u041f\u0438\u043d \u0410\u043f \u0432 \u0423\u0437\u0431\u0435\u043a\u0438\u0441\u0442\u0430\u043d\u0435","isPartOf":{"@id":"https:\/\/pinupcasinouz.com\/#website"},"datePublished":"2024-05-30T00:19:27+00:00","dateModified":"2024-06-03T13:12:16+00:00","description":"\u0415\u0441\u043b\u0438 \u0432\u044b \u0432\u044b\u0438\u0433\u0440\u0430\u043b\u0438 \u0432 \u043a\u0430\u0437\u0438\u043d\u043e \u041f\u0438\u043d \u0410\u043f \u0432 \u0423\u0437\u0431\u0435\u043a\u0438\u0441\u0442\u0430\u043d\u0435, \u0442\u043e \u0432\u044b\u0432\u043e\u0434 \u0432\u044b\u0438\u0433\u0440\u044b\u0448\u0430 \u043d\u0435 \u0437\u0430\u0439\u043c\u0435\u0442 \u043c\u043d\u043e\u0433\u043e \u0432\u0440\u0435\u043c\u0435\u043d\u0438. \u041c\u044b \u0440\u0430\u0441\u0441\u043a\u0430\u0437\u0430\u043b\u0438 \u043e \u0441\u0430\u043c\u044b\u0445 \u043f\u043e\u043f\u0443\u043b\u044f\u0440\u043d\u044b\u0445 \u0441\u043f\u043e\u0441\u043e\u0431\u0430\u0445 \u0432\u044b\u0432\u043e\u0434\u0430 \u0432\u044b\u0438\u0433\u0440\u044b\u0448\u0430","breadcrumb":{"@id":"https:\/\/pinupcasinouz.com\/how-to-withdraw-winnings-from-pin-up-casino-in-uzbekistan\/#breadcrumb"},"inLanguage":"pt-PT","potentialAction":[{"@type":"ReadAction","target":["https:\/\/pinupcasinouz.com\/how-to-withdraw-winnings-from-pin-up-casino-in-uzbekistan\/"]}]},{"@type":"BreadcrumbList","@id":"https:\/\/pinupcasinouz.com\/how-to-withdraw-winnings-from-pin-up-casino-in-uzbekistan\/#breadcrumb","itemListElement":[{"@type":"ListItem","position":1,"name":"\u0413\u043b\u0430\u0432\u043d\u0430\u044f \u0441\u0442\u0440\u0430\u043d\u0438\u0446\u0430","item":"https:\/\/pinupcasinouz.com\/"},{"@type":"ListItem","position":2,"name":"\u041a\u0430\u043a \u0432\u044b\u0432\u0435\u0441\u0442\u0438 \u0432\u044b\u0438\u0433\u0440\u044b\u0448 \u0432 \u043a\u0430\u0437\u0438\u043d\u043e \u041f\u0438\u043d \u0410\u043f \u0432 \u0423\u0437\u0431\u0435\u043a\u0438\u0441\u0442\u0430\u043d\u0435"}]},{"@type":"WebSite","@id":"https:\/\/pinupcasinouz.com\/#website","url":"https:\/\/pinupcasinouz.com\/","name":"PinUp Casino","description":"","potentialAction":[{"@type":"SearchAction","target":{"@type":"EntryPoint","urlTemplate":"https:\/\/pinupcasinouz.com\/?s={search_term_string}"},"query-input":{"@type":"PropertyValueSpecification","valueRequired":true,"valueName":"search_term_string"}}],"inLanguage":"pt-PT"}]}},"_links":{"self":[{"href":"https:\/\/pinupcasinouz.com\/pt\/wp-json\/wp\/v2\/pages\/16","targetHints":{"allow":["GET"]}}],"collection":[{"href":"https:\/\/pinupcasinouz.com\/pt\/wp-json\/wp\/v2\/pages"}],"about":[{"href":"https:\/\/pinupcasinouz.com\/pt\/wp-json\/wp\/v2\/types\/page"}],"author":[{"embeddable":true,"href":"https:\/\/pinupcasinouz.com\/pt\/wp-json\/wp\/v2\/users\/1"}],"replies":[{"embeddable":true,"href":"https:\/\/pinupcasinouz.com\/pt\/wp-json\/wp\/v2\/comments?post=16"}],"version-history":[{"count":14,"href":"https:\/\/pinupcasinouz.com\/pt\/wp-json\/wp\/v2\/pages\/16\/revisions"}],"predecessor-version":[{"id":75,"href":"https:\/\/pinupcasinouz.com\/pt\/wp-json\/wp\/v2\/pages\/16\/revisions\/75"}],"wp:attachment":[{"href":"https:\/\/pinupcasinouz.com\/pt\/wp-json\/wp\/v2\/media?parent=16"}],"curies":[{"name":"wp","href":"https:\/\/api.w.org\/{rel}","templated":true}]}}