{"id":14,"date":"2024-05-30T03:17:47","date_gmt":"2024-05-30T00:17:47","guid":{"rendered":"https:\/\/pinupcasinouz.com\/?page_id=14"},"modified":"2024-06-03T16:12:22","modified_gmt":"2024-06-03T13:12:22","slug":"how-to-make-a-deposit-in-pin-up-casino-in-uzbekistan","status":"publish","type":"page","link":"https:\/\/pinupcasinouz.com\/pt\/how-to-make-a-deposit-in-pin-up-casino-in-uzbekistan\/","title":{"rendered":"Como Fazer um Dep\u00f3sito no Pin Up Casino no Uzbequist\u00e3o"},"content":{"rendered":"<p><span style=\"font-weight: 400;\">O Pin Up Casino oferece m\u00e9todos de dep\u00f3sito convenientes e seguros para jogadores no Uzbequist\u00e3o. Neste artigo, discutiremos cada etapa do processo detalhadamente para que voc\u00ea possa rapidamente e facilmente recarregar sua conta de jogo e desfrutar de seus jogos favoritos.<\/span><\/p>\n<h3><b>Passo 1: Registro no site do Pin Up Casino<\/b><\/h3>\n<p><span style=\"font-weight: 400;\">Antes de fazer um dep\u00f3sito, voc\u00ea precisa criar uma conta no site do Pin Up Casino. Se voc\u00ea j\u00e1 estiver registrado, pule esta etapa.<\/span><\/p>\n<ol>\n<li style=\"font-weight: 400;\" aria-level=\"1\"><b>Acesse o site oficial do Pin Up Casino<\/b><span style=\"font-weight: 400;\">:<\/span>\n<ul>\n<li style=\"font-weight: 400;\" aria-level=\"2\"><span style=\"font-weight: 400;\">Abra um navegador e insira a URL do site oficial do Pin Up Casino.<\/span><\/li>\n<\/ul>\n<\/li>\n<li style=\"font-weight: 400;\" aria-level=\"1\"><b>Preencha o formul\u00e1rio de registro<\/b><span style=\"font-weight: 400;\">:<\/span>\n<ul>\n<li style=\"font-weight: 400;\" aria-level=\"2\"><span style=\"font-weight: 400;\">Clique no bot\u00e3o &#8220;Registro&#8221;.<\/span><\/li>\n<li style=\"font-weight: 400;\" aria-level=\"2\"><span style=\"font-weight: 400;\">Digite seus detalhes: nome, endere\u00e7o de e-mail, n\u00famero de telefone e crie uma senha.<\/span><\/li>\n<li style=\"font-weight: 400;\" aria-level=\"2\"><span style=\"font-weight: 400;\">Confirme seu acordo com as regras e condi\u00e7\u00f5es do cassino.<\/span><\/li>\n<\/ul>\n<\/li>\n<li style=\"font-weight: 400;\" aria-level=\"1\"><b>Confirme o registro<\/b><span style=\"font-weight: 400;\">:<\/span>\n<ul>\n<li style=\"font-weight: 400;\" aria-level=\"2\"><span style=\"font-weight: 400;\">Um e-mail de confirma\u00e7\u00e3o com um link de registro ser\u00e1 enviado para seu endere\u00e7o de e-mail.<\/span><\/li>\n<li style=\"font-weight: 400;\" aria-level=\"2\"><span style=\"font-weight: 400;\">Siga o link para ativar sua conta.<\/span><\/li>\n<\/ul>\n<\/li>\n<\/ol>\n<h3><b>Passo 2: Fa\u00e7a login na sua conta<\/b><\/h3>\n<p><span style=\"font-weight: 400;\">Ap\u00f3s o registro bem-sucedido ou se voc\u00ea j\u00e1 \u00e9 um usu\u00e1rio registrado, fa\u00e7a login em sua conta.<\/span><\/p>\n<ol>\n<li style=\"font-weight: 400;\" aria-level=\"1\"><b>Clique no bot\u00e3o &#8220;Login&#8221;<\/b><span style=\"font-weight: 400;\">:<\/span>\n<ul>\n<li style=\"font-weight: 400;\" aria-level=\"2\"><span style=\"font-weight: 400;\">Digite seu nome de usu\u00e1rio e senha.<\/span><\/li>\n<li style=\"font-weight: 400;\" aria-level=\"2\"><span style=\"font-weight: 400;\">Clique em &#8220;Login&#8221; para acessar sua conta.<\/span><\/li>\n<\/ul>\n<\/li>\n<\/ol>\n<h3><b>Passo 3: Acesse a se\u00e7\u00e3o &#8220;Caixa&#8221;<\/b><\/h3>\n<ol>\n<li style=\"font-weight: 400;\" aria-level=\"1\"><b>Encontre a se\u00e7\u00e3o &#8220;Caixa&#8221;<\/b><span style=\"font-weight: 400;\">:<\/span>\n<ul>\n<li style=\"font-weight: 400;\" aria-level=\"2\"><span style=\"font-weight: 400;\">Ap\u00f3s fazer login em sua conta, acesse a se\u00e7\u00e3o &#8220;Caixa&#8221;. Geralmente, este bot\u00e3o est\u00e1 localizado no topo do site.<\/span><\/li>\n<\/ul>\n<\/li>\n<li style=\"font-weight: 400;\" aria-level=\"1\"><b>Selecione a op\u00e7\u00e3o &#8220;Dep\u00f3sito&#8221;<\/b><span style=\"font-weight: 400;\">:<\/span>\n<ul>\n<li style=\"font-weight: 400;\" aria-level=\"2\"><span style=\"font-weight: 400;\">Na se\u00e7\u00e3o &#8220;Caixa&#8221;, selecione a guia &#8220;Dep\u00f3sito&#8221;.<\/span><\/li>\n<\/ul>\n<\/li>\n<\/ol>\n<h3><b>Passo 4: Escolha um m\u00e9todo de pagamento<\/b><\/h3>\n<p><span style=\"font-weight: 400;\">O Pin Up Casino oferece v\u00e1rios m\u00e9todos de pagamento convenientes para voc\u00ea escolher o mais adequado. Os m\u00e9todos dispon\u00edveis podem incluir:<\/span><\/p>\n<ol>\n<li style=\"font-weight: 400;\" aria-level=\"1\"><b>Cart\u00f5es banc\u00e1rios<\/b><span style=\"font-weight: 400;\">:<\/span>\n<ul>\n<li style=\"font-weight: 400;\" aria-level=\"2\"><span style=\"font-weight: 400;\">Visa<\/span><\/li>\n<li style=\"font-weight: 400;\" aria-level=\"2\"><span style=\"font-weight: 400;\">MasterCard<\/span><\/li>\n<\/ul>\n<\/li>\n<li style=\"font-weight: 400;\" aria-level=\"1\"><b>Carteiras eletr\u00f4nicas<\/b><span style=\"font-weight: 400;\">:<\/span>\n<ul>\n<li style=\"font-weight: 400;\" aria-level=\"2\"><span style=\"font-weight: 400;\">Skrill<\/span><\/li>\n<li style=\"font-weight: 400;\" aria-level=\"2\"><span style=\"font-weight: 400;\">Neteller<\/span><\/li>\n<li style=\"font-weight: 400;\" aria-level=\"2\"><span style=\"font-weight: 400;\">WebMoney<\/span><\/li>\n<\/ul>\n<\/li>\n<li style=\"font-weight: 400;\" aria-level=\"1\"><b>Criptomoedas<\/b><span style=\"font-weight: 400;\">:<\/span>\n<ul>\n<li style=\"font-weight: 400;\" aria-level=\"2\"><span style=\"font-weight: 400;\">Bitcoin<\/span><\/li>\n<li style=\"font-weight: 400;\" aria-level=\"2\"><span style=\"font-weight: 400;\">Ethereum<\/span><\/li>\n<li style=\"font-weight: 400;\" aria-level=\"2\"><span style=\"font-weight: 400;\">Outras criptomoedas populares<\/span><\/li>\n<\/ul>\n<\/li>\n<li style=\"font-weight: 400;\" aria-level=\"1\"><b>Sistemas de pagamento locais<\/b><span style=\"font-weight: 400;\">:<\/span>\n<ul>\n<li style=\"font-weight: 400;\" aria-level=\"2\"><span style=\"font-weight: 400;\">Payme<\/span><\/li>\n<li style=\"font-weight: 400;\" aria-level=\"2\"><span style=\"font-weight: 400;\">Click<\/span><\/li>\n<li style=\"font-weight: 400;\" aria-level=\"2\"><span style=\"font-weight: 400;\">UZCARD<\/span><\/li>\n<\/ul>\n<\/li>\n<\/ol>\n<h3><b>Passo 5: Fa\u00e7a um dep\u00f3sito<\/b><\/h3>\n<p><span style=\"font-weight: 400;\">Ap\u00f3s selecionar o m\u00e9todo de pagamento, siga as instru\u00e7\u00f5es para completar a transa\u00e7\u00e3o.<\/span><\/p>\n<ol>\n<li style=\"font-weight: 400;\" aria-level=\"1\"><b>Insira o valor do dep\u00f3sito<\/b><span style=\"font-weight: 400;\">:<\/span>\n<ul>\n<li style=\"font-weight: 400;\" aria-level=\"2\"><span style=\"font-weight: 400;\">Especifique o valor que deseja depositar em sua conta de jogo. Preste aten\u00e7\u00e3o aos limites m\u00ednimos e m\u00e1ximos para cada m\u00e9todo de pagamento.<\/span><\/li>\n<\/ul>\n<\/li>\n<li style=\"font-weight: 400;\" aria-level=\"1\"><b>Preencha os detalhes do pagamento<\/b><span style=\"font-weight: 400;\">:<\/span>\n<ul>\n<li style=\"font-weight: 400;\" aria-level=\"2\"><span style=\"font-weight: 400;\">Insira os detalhes necess\u00e1rios para o m\u00e9todo de pagamento selecionado (por exemplo, n\u00famero do cart\u00e3o, data de validade, CVV para cart\u00f5es de cr\u00e9dito ou dados de login para carteiras eletr\u00f4nicas).<\/span><\/li>\n<\/ul>\n<\/li>\n<li style=\"font-weight: 400;\" aria-level=\"1\"><b>Confirme a transa\u00e7\u00e3o<\/b><span style=\"font-weight: 400;\">:<\/span>\n<ul>\n<li style=\"font-weight: 400;\" aria-level=\"2\"><span style=\"font-weight: 400;\">Revise os detalhes inseridos e confirme o pagamento. Dependendo do m\u00e9todo de pagamento, pode ser necess\u00e1rio confirmar a transa\u00e7\u00e3o via SMS ou aplicativo do banco.<\/span><\/li>\n<\/ul>\n<\/li>\n<\/ol>\n<h3><b>Passo 6: Confirma\u00e7\u00e3o do dep\u00f3sito<\/b><\/h3>\n<p><span style=\"font-weight: 400;\">Ap\u00f3s confirmar a transa\u00e7\u00e3o, o dinheiro ser\u00e1 creditado em sua conta de jogo.<\/span><\/p>\n<ol>\n<li style=\"font-weight: 400;\" aria-level=\"1\"><b>Verifique o saldo<\/b><span style=\"font-weight: 400;\">:<\/span>\n<ul>\n<li style=\"font-weight: 400;\" aria-level=\"2\"><span style=\"font-weight: 400;\">Fa\u00e7a login na sua conta e verifique se o dinheiro foi adicionado ao seu saldo.<\/span><\/li>\n<\/ul>\n<\/li>\n<li style=\"font-weight: 400;\" aria-level=\"1\"><b>Comece a jogar<\/b><span style=\"font-weight: 400;\">:<\/span>\n<ul>\n<li style=\"font-weight: 400;\" aria-level=\"2\"><span style=\"font-weight: 400;\">Agora voc\u00ea pode usar os fundos depositados para jogar seus slots, jogos de mesa ou cassino ao vivo favoritos.<\/span><\/li>\n<\/ul>\n<\/li>\n<\/ol>\n<h3><b>Dicas \u00fateis<\/b><\/h3>\n<ul>\n<li style=\"font-weight: 400;\" aria-level=\"1\"><b>B\u00f4nus e Promo\u00e7\u00f5es<\/b><span style=\"font-weight: 400;\">: Antes de fazer um dep\u00f3sito, verifique as promo\u00e7\u00f5es e b\u00f4nus atuais. Voc\u00ea pode conseguir fundos adicionais ou giros gr\u00e1tis na sua conta de jogo.<\/span><\/li>\n<li style=\"font-weight: 400;\" aria-level=\"1\"><b>Seguran\u00e7a<\/b><span style=\"font-weight: 400;\">: Use apenas sites oficiais e m\u00e9todos de pagamento verificados para proteger seus dados.<\/span><\/li>\n<li style=\"font-weight: 400;\" aria-level=\"1\"><b>Suporte<\/b><span style=\"font-weight: 400;\">: Se voc\u00ea encontrar algum problema ao fazer um dep\u00f3sito, entre em contato com a equipe de suporte do Pin Up Casino. Eles est\u00e3o dispon\u00edveis 24\/7 e prontos para ajud\u00e1-lo.<\/span><\/li>\n<\/ul>\n<h2><b>Conclus\u00e3o<\/b><\/h2>\n<p><span style=\"font-weight: 400;\">Depositar dinheiro no Pin Up Casino Uzbequist\u00e3o \u00e9 um processo r\u00e1pido e seguro. Seguindo esses passos simples, voc\u00ea pode recarregar sua conta e aproveitar jogos de azar emocionantes. Boa sorte e divirta-se jogando no Pin Up Casino!<\/span><\/p>\n","protected":false},"excerpt":{"rendered":"<p>O Pin Up Casino oferece m\u00e9todos de dep\u00f3sito convenientes e seguros para jogadores no Uzbequist\u00e3o. Neste artigo, discutiremos cada etapa do processo detalhadamente para que voc\u00ea possa rapidamente e facilmente recarregar sua conta de jogo e desfrutar de seus jogos&#8230; <a href=\"https:\/\/pinupcasinouz.com\/pt\/how-to-make-a-deposit-in-pin-up-casino-in-uzbekistan\/\" class=\"readmore\">Read more<span class=\"screen-reader-text\">Como Fazer um Dep\u00f3sito no Pin Up Casino no Uzbequist\u00e3o<\/span><span class=\"fa fa-angle-double-right\" aria-hidden=\"true\"><\/span><\/a><\/p>\n","protected":false},"author":1,"featured_media":0,"parent":0,"menu_order":0,"comment_status":"closed","ping_status":"closed","template":"template\/full-width.php","meta":{"footnotes":""},"class_list":["post-14","page","type-page","status-publish","hentry"],"yoast_head":"<!-- This site is optimized with the Yoast SEO plugin v27.2 - https:\/\/yoast.com\/product\/yoast-seo-wordpress\/ -->\n<title>\u0412\u043d\u0435\u0441\u0442\u0438 \u0434\u0435\u043f\u043e\u0437\u0438\u0442 \u0432 \u043a\u0430\u0437\u0438\u043d\u043e \u041f\u0438\u043d \u0410\u043f \u0432 \u0423\u0437\u0431\u0435\u043a\u0438\u0441\u0442\u0430\u043d\u0435<\/title>\n<meta name=\"description\" content=\"Depositar na sua conta de jogador no Casino Pin Up \u00e9 f\u00e1cil. Cart\u00f5es banc\u00e1rios, criptomoedas e carteiras eletr\u00f4nicas ajudar\u00e3o voc\u00ea a come\u00e7ar a jogar no Pin Up.\" \/>\n<meta name=\"robots\" content=\"index, follow, max-snippet:-1, max-image-preview:large, max-video-preview:-1\" \/>\n<link rel=\"canonical\" href=\"https:\/\/pinupcasinouz.com\/pt\/how-to-make-a-deposit-in-pin-up-casino-in-uzbekistan\/\" \/>\n<meta property=\"og:locale\" content=\"pt_PT\" \/>\n<meta property=\"og:locale:alternate\" content=\"ru_RU\" \/>\n<meta property=\"og:locale:alternate\" content=\"en_US\" \/>\n<meta property=\"og:locale:alternate\" content=\"es_ES\" \/>\n<meta property=\"og:locale:alternate\" content=\"kk\" \/>\n<meta property=\"og:locale:alternate\" content=\"ky_KY\" \/>\n<meta property=\"og:locale:alternate\" content=\"uz_UZ\" \/>\n<meta property=\"og:type\" content=\"article\" \/>\n<meta property=\"og:title\" content=\"\u0412\u043d\u0435\u0441\u0442\u0438 \u0434\u0435\u043f\u043e\u0437\u0438\u0442 \u0432 \u043a\u0430\u0437\u0438\u043d\u043e \u041f\u0438\u043d \u0410\u043f \u0432 \u0423\u0437\u0431\u0435\u043a\u0438\u0441\u0442\u0430\u043d\u0435\" \/>\n<meta property=\"og:description\" content=\"\u0412\u043d\u0435\u0441\u0442\u0438 \u0434\u0435\u043f\u043e\u0437\u0438\u0442 \u043d\u0430 \u0441\u0432\u043e\u0439 \u0441\u0447\u0435\u0442 \u0438\u0433\u0440\u043e\u043a\u0430 \u0432 \u043a\u0430\u0437\u0438\u043d\u043e Pin Up \u043d\u0435 \u0441\u043e\u0441\u0442\u0430\u0432\u0438\u0442 \u0442\u0440\u0443\u0434\u0430. \u0411\u0430\u043d\u043a\u043e\u0432\u0441\u043a\u0438\u0435 \u043a\u0430\u0440\u0442\u044b, \u043a\u0440\u0438\u043f\u0442\u043e\u0432\u0430\u043b\u044e\u0442\u044b \u0438 \u044d\u043b\u0435\u043a\u0442\u0440\u043e\u043d\u043d\u044b\u0435 \u043a\u043e\u0448\u0435\u043b\u044c\u043a\u0438 \u043f\u043e\u043c\u043e\u0433\u0443\u0442 \u043d\u0430\u0447\u0430\u0442\u044c \u0438\u0433\u0440\u0430\u0442\u044c \u0432 \u041f\u0438\u043d \u0410\u043f\" \/>\n<meta property=\"og:url\" content=\"https:\/\/pinupcasinouz.com\/pt\/how-to-make-a-deposit-in-pin-up-casino-in-uzbekistan\/\" \/>\n<meta property=\"og:site_name\" content=\"PinUp Casino\" \/>\n<meta property=\"article:modified_time\" content=\"2024-06-03T13:12:22+00:00\" \/>\n<meta name=\"twitter:card\" content=\"summary_large_image\" \/>\n<meta name=\"twitter:label1\" content=\"Tempo estimado de leitura\" \/>\n\t<meta name=\"twitter:data1\" content=\"12 minutos\" \/>\n<script type=\"application\/ld+json\" class=\"yoast-schema-graph\">{\"@context\":\"https:\/\/schema.org\",\"@graph\":[{\"@type\":\"WebPage\",\"@id\":\"https:\/\/pinupcasinouz.com\/how-to-make-a-deposit-in-pin-up-casino-in-uzbekistan\/\",\"url\":\"https:\/\/pinupcasinouz.com\/how-to-make-a-deposit-in-pin-up-casino-in-uzbekistan\/\",\"name\":\"\u0412\u043d\u0435\u0441\u0442\u0438 \u0434\u0435\u043f\u043e\u0437\u0438\u0442 \u0432 \u043a\u0430\u0437\u0438\u043d\u043e \u041f\u0438\u043d \u0410\u043f \u0432 \u0423\u0437\u0431\u0435\u043a\u0438\u0441\u0442\u0430\u043d\u0435\",\"isPartOf\":{\"@id\":\"https:\/\/pinupcasinouz.com\/#website\"},\"datePublished\":\"2024-05-30T00:17:47+00:00\",\"dateModified\":\"2024-06-03T13:12:22+00:00\",\"description\":\"\u0412\u043d\u0435\u0441\u0442\u0438 \u0434\u0435\u043f\u043e\u0437\u0438\u0442 \u043d\u0430 \u0441\u0432\u043e\u0439 \u0441\u0447\u0435\u0442 \u0438\u0433\u0440\u043e\u043a\u0430 \u0432 \u043a\u0430\u0437\u0438\u043d\u043e Pin Up \u043d\u0435 \u0441\u043e\u0441\u0442\u0430\u0432\u0438\u0442 \u0442\u0440\u0443\u0434\u0430. \u0411\u0430\u043d\u043a\u043e\u0432\u0441\u043a\u0438\u0435 \u043a\u0430\u0440\u0442\u044b, \u043a\u0440\u0438\u043f\u0442\u043e\u0432\u0430\u043b\u044e\u0442\u044b \u0438 \u044d\u043b\u0435\u043a\u0442\u0440\u043e\u043d\u043d\u044b\u0435 \u043a\u043e\u0448\u0435\u043b\u044c\u043a\u0438 \u043f\u043e\u043c\u043e\u0433\u0443\u0442 \u043d\u0430\u0447\u0430\u0442\u044c \u0438\u0433\u0440\u0430\u0442\u044c \u0432 \u041f\u0438\u043d \u0410\u043f\",\"breadcrumb\":{\"@id\":\"https:\/\/pinupcasinouz.com\/how-to-make-a-deposit-in-pin-up-casino-in-uzbekistan\/#breadcrumb\"},\"inLanguage\":\"pt-PT\",\"potentialAction\":[{\"@type\":\"ReadAction\",\"target\":[\"https:\/\/pinupcasinouz.com\/how-to-make-a-deposit-in-pin-up-casino-in-uzbekistan\/\"]}]},{\"@type\":\"BreadcrumbList\",\"@id\":\"https:\/\/pinupcasinouz.com\/how-to-make-a-deposit-in-pin-up-casino-in-uzbekistan\/#breadcrumb\",\"itemListElement\":[{\"@type\":\"ListItem\",\"position\":1,\"name\":\"\u0413\u043b\u0430\u0432\u043d\u0430\u044f \u0441\u0442\u0440\u0430\u043d\u0438\u0446\u0430\",\"item\":\"https:\/\/pinupcasinouz.com\/\"},{\"@type\":\"ListItem\",\"position\":2,\"name\":\"\u041a\u0430\u043a \u0432\u043d\u0435\u0441\u0442\u0438 \u0434\u0435\u043f\u043e\u0437\u0438\u0442 \u0432 \u043a\u0430\u0437\u0438\u043d\u043e \u041f\u0438\u043d \u0410\u043f \u0432 \u0423\u0437\u0431\u0435\u043a\u0438\u0441\u0442\u0430\u043d\u0435\"}]},{\"@type\":\"WebSite\",\"@id\":\"https:\/\/pinupcasinouz.com\/#website\",\"url\":\"https:\/\/pinupcasinouz.com\/\",\"name\":\"PinUp Casino\",\"description\":\"\",\"potentialAction\":[{\"@type\":\"SearchAction\",\"target\":{\"@type\":\"EntryPoint\",\"urlTemplate\":\"https:\/\/pinupcasinouz.com\/?s={search_term_string}\"},\"query-input\":{\"@type\":\"PropertyValueSpecification\",\"valueRequired\":true,\"valueName\":\"search_term_string\"}}],\"inLanguage\":\"pt-PT\"}]}<\/script>\n<!-- \/ Yoast SEO plugin. -->","yoast_head_json":{"title":"\u0412\u043d\u0435\u0441\u0442\u0438 \u0434\u0435\u043f\u043e\u0437\u0438\u0442 \u0432 \u043a\u0430\u0437\u0438\u043d\u043e \u041f\u0438\u043d \u0410\u043f \u0432 \u0423\u0437\u0431\u0435\u043a\u0438\u0441\u0442\u0430\u043d\u0435","description":"Depositar na sua conta de jogador no Casino Pin Up \u00e9 f\u00e1cil. Cart\u00f5es banc\u00e1rios, criptomoedas e carteiras eletr\u00f4nicas ajudar\u00e3o voc\u00ea a come\u00e7ar a jogar no Pin Up.","robots":{"index":"index","follow":"follow","max-snippet":"max-snippet:-1","max-image-preview":"max-image-preview:large","max-video-preview":"max-video-preview:-1"},"canonical":"https:\/\/pinupcasinouz.com\/pt\/how-to-make-a-deposit-in-pin-up-casino-in-uzbekistan\/","og_locale":"pt_PT","og_type":"article","og_title":"\u0412\u043d\u0435\u0441\u0442\u0438 \u0434\u0435\u043f\u043e\u0437\u0438\u0442 \u0432 \u043a\u0430\u0437\u0438\u043d\u043e \u041f\u0438\u043d \u0410\u043f \u0432 \u0423\u0437\u0431\u0435\u043a\u0438\u0441\u0442\u0430\u043d\u0435","og_description":"\u0412\u043d\u0435\u0441\u0442\u0438 \u0434\u0435\u043f\u043e\u0437\u0438\u0442 \u043d\u0430 \u0441\u0432\u043e\u0439 \u0441\u0447\u0435\u0442 \u0438\u0433\u0440\u043e\u043a\u0430 \u0432 \u043a\u0430\u0437\u0438\u043d\u043e Pin Up \u043d\u0435 \u0441\u043e\u0441\u0442\u0430\u0432\u0438\u0442 \u0442\u0440\u0443\u0434\u0430. \u0411\u0430\u043d\u043a\u043e\u0432\u0441\u043a\u0438\u0435 \u043a\u0430\u0440\u0442\u044b, \u043a\u0440\u0438\u043f\u0442\u043e\u0432\u0430\u043b\u044e\u0442\u044b \u0438 \u044d\u043b\u0435\u043a\u0442\u0440\u043e\u043d\u043d\u044b\u0435 \u043a\u043e\u0448\u0435\u043b\u044c\u043a\u0438 \u043f\u043e\u043c\u043e\u0433\u0443\u0442 \u043d\u0430\u0447\u0430\u0442\u044c \u0438\u0433\u0440\u0430\u0442\u044c \u0432 \u041f\u0438\u043d \u0410\u043f","og_url":"https:\/\/pinupcasinouz.com\/pt\/how-to-make-a-deposit-in-pin-up-casino-in-uzbekistan\/","og_site_name":"PinUp Casino","article_modified_time":"2024-06-03T13:12:22+00:00","twitter_card":"summary_large_image","twitter_misc":{"Tempo estimado de leitura":"12 minutos"},"schema":{"@context":"https:\/\/schema.org","@graph":[{"@type":"WebPage","@id":"https:\/\/pinupcasinouz.com\/how-to-make-a-deposit-in-pin-up-casino-in-uzbekistan\/","url":"https:\/\/pinupcasinouz.com\/how-to-make-a-deposit-in-pin-up-casino-in-uzbekistan\/","name":"\u0412\u043d\u0435\u0441\u0442\u0438 \u0434\u0435\u043f\u043e\u0437\u0438\u0442 \u0432 \u043a\u0430\u0437\u0438\u043d\u043e \u041f\u0438\u043d \u0410\u043f \u0432 \u0423\u0437\u0431\u0435\u043a\u0438\u0441\u0442\u0430\u043d\u0435","isPartOf":{"@id":"https:\/\/pinupcasinouz.com\/#website"},"datePublished":"2024-05-30T00:17:47+00:00","dateModified":"2024-06-03T13:12:22+00:00","description":"\u0412\u043d\u0435\u0441\u0442\u0438 \u0434\u0435\u043f\u043e\u0437\u0438\u0442 \u043d\u0430 \u0441\u0432\u043e\u0439 \u0441\u0447\u0435\u0442 \u0438\u0433\u0440\u043e\u043a\u0430 \u0432 \u043a\u0430\u0437\u0438\u043d\u043e Pin Up \u043d\u0435 \u0441\u043e\u0441\u0442\u0430\u0432\u0438\u0442 \u0442\u0440\u0443\u0434\u0430. \u0411\u0430\u043d\u043a\u043e\u0432\u0441\u043a\u0438\u0435 \u043a\u0430\u0440\u0442\u044b, \u043a\u0440\u0438\u043f\u0442\u043e\u0432\u0430\u043b\u044e\u0442\u044b \u0438 \u044d\u043b\u0435\u043a\u0442\u0440\u043e\u043d\u043d\u044b\u0435 \u043a\u043e\u0448\u0435\u043b\u044c\u043a\u0438 \u043f\u043e\u043c\u043e\u0433\u0443\u0442 \u043d\u0430\u0447\u0430\u0442\u044c \u0438\u0433\u0440\u0430\u0442\u044c \u0432 \u041f\u0438\u043d \u0410\u043f","breadcrumb":{"@id":"https:\/\/pinupcasinouz.com\/how-to-make-a-deposit-in-pin-up-casino-in-uzbekistan\/#breadcrumb"},"inLanguage":"pt-PT","potentialAction":[{"@type":"ReadAction","target":["https:\/\/pinupcasinouz.com\/how-to-make-a-deposit-in-pin-up-casino-in-uzbekistan\/"]}]},{"@type":"BreadcrumbList","@id":"https:\/\/pinupcasinouz.com\/how-to-make-a-deposit-in-pin-up-casino-in-uzbekistan\/#breadcrumb","itemListElement":[{"@type":"ListItem","position":1,"name":"\u0413\u043b\u0430\u0432\u043d\u0430\u044f \u0441\u0442\u0440\u0430\u043d\u0438\u0446\u0430","item":"https:\/\/pinupcasinouz.com\/"},{"@type":"ListItem","position":2,"name":"\u041a\u0430\u043a \u0432\u043d\u0435\u0441\u0442\u0438 \u0434\u0435\u043f\u043e\u0437\u0438\u0442 \u0432 \u043a\u0430\u0437\u0438\u043d\u043e \u041f\u0438\u043d \u0410\u043f \u0432 \u0423\u0437\u0431\u0435\u043a\u0438\u0441\u0442\u0430\u043d\u0435"}]},{"@type":"WebSite","@id":"https:\/\/pinupcasinouz.com\/#website","url":"https:\/\/pinupcasinouz.com\/","name":"PinUp Casino","description":"","potentialAction":[{"@type":"SearchAction","target":{"@type":"EntryPoint","urlTemplate":"https:\/\/pinupcasinouz.com\/?s={search_term_string}"},"query-input":{"@type":"PropertyValueSpecification","valueRequired":true,"valueName":"search_term_string"}}],"inLanguage":"pt-PT"}]}},"_links":{"self":[{"href":"https:\/\/pinupcasinouz.com\/pt\/wp-json\/wp\/v2\/pages\/14","targetHints":{"allow":["GET"]}}],"collection":[{"href":"https:\/\/pinupcasinouz.com\/pt\/wp-json\/wp\/v2\/pages"}],"about":[{"href":"https:\/\/pinupcasinouz.com\/pt\/wp-json\/wp\/v2\/types\/page"}],"author":[{"embeddable":true,"href":"https:\/\/pinupcasinouz.com\/pt\/wp-json\/wp\/v2\/users\/1"}],"replies":[{"embeddable":true,"href":"https:\/\/pinupcasinouz.com\/pt\/wp-json\/wp\/v2\/comments?post=14"}],"version-history":[{"count":19,"href":"https:\/\/pinupcasinouz.com\/pt\/wp-json\/wp\/v2\/pages\/14\/revisions"}],"predecessor-version":[{"id":57,"href":"https:\/\/pinupcasinouz.com\/pt\/wp-json\/wp\/v2\/pages\/14\/revisions\/57"}],"wp:attachment":[{"href":"https:\/\/pinupcasinouz.com\/pt\/wp-json\/wp\/v2\/media?parent=14"}],"curies":[{"name":"wp","href":"https:\/\/api.w.org\/{rel}","templated":true}]}}