{"id":12,"date":"2024-05-30T03:15:54","date_gmt":"2024-05-30T00:15:54","guid":{"rendered":"https:\/\/pinupcasinouz.com\/?page_id=12"},"modified":"2024-06-03T16:12:07","modified_gmt":"2024-06-03T13:12:07","slug":"registration-at-pin-up-casino-in-uzbekistan","status":"publish","type":"page","link":"https:\/\/pinupcasinouz.com\/pt\/registration-at-pin-up-casino-in-uzbekistan\/","title":{"rendered":"Registro no Pin Up Casino no Uzbequist\u00e3o"},"content":{"rendered":"<p><span style=\"font-weight: 400;\">O Pin Up Casino \u00e9 uma plataforma online popular que oferece uma ampla gama de jogos de azar e entretenimento para jogadores de diferentes pa\u00edses, incluindo o Uzbequist\u00e3o. Registrar-se no Pin Up Casino abre o acesso a slots emocionantes, jogos de mesa, cassino ao vivo e v\u00e1rios b\u00f4nus. Neste artigo, explicaremos detalhadamente como passar pelo processo de registro e come\u00e7ar a jogar no Pin Up Casino.<\/span><\/p>\n<h3><b>Etapa 1: Visitando o site oficial do Pin Up Casino<\/b><\/h3>\n<p><span style=\"font-weight: 400;\">A primeira etapa para se registrar no Pin Up Casino \u00e9 visitar o site oficial:<\/span><\/p>\n<ol>\n<li style=\"font-weight: 400;\" aria-level=\"1\"><b>Abra o seu navegador<\/b><span style=\"font-weight: 400;\">:<\/span>\n<ul>\n<li style=\"font-weight: 400;\" aria-level=\"2\"><span style=\"font-weight: 400;\">Use qualquer navegador conveniente no seu computador ou dispositivo m\u00f3vel.<\/span><\/li>\n<\/ul>\n<\/li>\n<li style=\"font-weight: 400;\" aria-level=\"1\"><b>Acesse o site do Pin Up Casino<\/b><span style=\"font-weight: 400;\">:<\/span>\n<ul>\n<li style=\"font-weight: 400;\" aria-level=\"2\"><span style=\"font-weight: 400;\">Digite o URL do site oficial do Pin Up Casino na barra de endere\u00e7os do navegador. Certifique-se de usar o site oficial para evitar recursos fraudulentos.<\/span><\/li>\n<\/ul>\n<\/li>\n<\/ol>\n<h3><b>Etapa 2: Iniciando o processo de registro<\/b><\/h3>\n<p><span style=\"font-weight: 400;\">Depois de visitar o site, voc\u00ea precisa iniciar o processo de registro:<\/span><\/p>\n<ol>\n<li style=\"font-weight: 400;\" aria-level=\"1\"><b>Clique no bot\u00e3o &#8220;Registrar&#8221;<\/b><span style=\"font-weight: 400;\">:<\/span>\n<ul>\n<li style=\"font-weight: 400;\" aria-level=\"2\"><span style=\"font-weight: 400;\">Na p\u00e1gina inicial, encontre e clique no bot\u00e3o &#8220;Registrar&#8221;. Geralmente est\u00e1 localizado na parte superior da p\u00e1gina.<\/span><\/li>\n<\/ul>\n<\/li>\n<li style=\"font-weight: 400;\" aria-level=\"1\"><b>Preencha o formul\u00e1rio de registro<\/b><span style=\"font-weight: 400;\">:<\/span>\n<ul>\n<li style=\"font-weight: 400;\" aria-level=\"2\"><span style=\"font-weight: 400;\">Na janela que se abre, voc\u00ea ser\u00e1 solicitado a preencher um formul\u00e1rio de registro. Insira os seguintes dados:<\/span>\n<ul>\n<li style=\"font-weight: 400;\" aria-level=\"3\"><b>Nome e sobrenome<\/b><span style=\"font-weight: 400;\">: Certifique-se de inserir dados reais, pois ser\u00e3o necess\u00e1rios para a verifica\u00e7\u00e3o da conta.<\/span><\/li>\n<li style=\"font-weight: 400;\" aria-level=\"3\"><b>Email<\/b><span style=\"font-weight: 400;\">: Forne\u00e7a um endere\u00e7o de email v\u00e1lido onde ser\u00e3o enviados confirma\u00e7\u00f5es e notifica\u00e7\u00f5es.<\/span><\/li>\n<li style=\"font-weight: 400;\" aria-level=\"3\"><b>N\u00famero de telefone<\/b><span style=\"font-weight: 400;\">: Insira um n\u00famero de telefone para onde podem ser enviados c\u00f3digos de confirma\u00e7\u00e3o.<\/span><\/li>\n<li style=\"font-weight: 400;\" aria-level=\"3\"><b>Data de nascimento<\/b><span style=\"font-weight: 400;\">: Certifique-se de ter pelo menos 18 anos, pois o Pin Up Casino s\u00f3 aceita jogadores adultos.<\/span><\/li>\n<li style=\"font-weight: 400;\" aria-level=\"3\"><b>Senha<\/b><span style=\"font-weight: 400;\">: Crie uma senha forte para proteger sua conta.<\/span><\/li>\n<li style=\"font-weight: 400;\" aria-level=\"3\"><b>C\u00f3digo promocional (se dispon\u00edvel)<\/b><span style=\"font-weight: 400;\">: Se voc\u00ea tiver um c\u00f3digo promocional, insira-o no campo apropriado.<\/span><\/li>\n<\/ul>\n<\/li>\n<\/ul>\n<\/li>\n<li style=\"font-weight: 400;\" aria-level=\"1\"><b>Confirme seu acordo com os termos<\/b><span style=\"font-weight: 400;\">:<\/span>\n<ul>\n<li style=\"font-weight: 400;\" aria-level=\"2\"><span style=\"font-weight: 400;\">Leia as regras e os termos do Pin Up Casino e confirme seu acordo marcando a caixa apropriada.<\/span><\/li>\n<\/ul>\n<\/li>\n<li style=\"font-weight: 400;\" aria-level=\"1\"><b>Clique em &#8220;Registrar&#8221;<\/b><span style=\"font-weight: 400;\">:<\/span>\n<ul>\n<li style=\"font-weight: 400;\" aria-level=\"2\"><span style=\"font-weight: 400;\">Ap\u00f3s preencher todos os campos e confirmar seu acordo com os termos, clique no bot\u00e3o &#8220;Registrar&#8221;.<\/span><\/li>\n<\/ul>\n<\/li>\n<\/ol>\n<h3><b>Etapa 3: Confirmando o registro<\/b><\/h3>\n<p><span style=\"font-weight: 400;\">Ap\u00f3s enviar o formul\u00e1rio de registro, voc\u00ea precisa confirmar seu registro:<\/span><\/p>\n<ol>\n<li style=\"font-weight: 400;\" aria-level=\"1\"><b>Verifique seu email<\/b><span style=\"font-weight: 400;\">:<\/span>\n<ul>\n<li style=\"font-weight: 400;\" aria-level=\"2\"><span style=\"font-weight: 400;\">Um email de confirma\u00e7\u00e3o ser\u00e1 enviado para o endere\u00e7o de email fornecido. Abra este email.<\/span><\/li>\n<\/ul>\n<\/li>\n<li style=\"font-weight: 400;\" aria-level=\"1\"><b>Siga o link no email<\/b><span style=\"font-weight: 400;\">:<\/span>\n<ul>\n<li style=\"font-weight: 400;\" aria-level=\"2\"><span style=\"font-weight: 400;\">O email conter\u00e1 um link para confirmar seu registro. Clique neste link para ativar sua conta.<\/span><\/li>\n<\/ul>\n<\/li>\n<li style=\"font-weight: 400;\" aria-level=\"1\"><b>Confirma\u00e7\u00e3o do n\u00famero de telefone (se necess\u00e1rio)<\/b><span style=\"font-weight: 400;\">:<\/span>\n<ul>\n<li style=\"font-weight: 400;\" aria-level=\"2\"><span style=\"font-weight: 400;\">Em alguns casos, pode ser necess\u00e1ria a confirma\u00e7\u00e3o do n\u00famero de telefone. Um SMS com um c\u00f3digo ser\u00e1 enviado para voc\u00ea, o qual voc\u00ea precisa inserir no site.<\/span><\/li>\n<\/ul>\n<\/li>\n<\/ol>\n<ol>\n<li style=\"font-weight: 400;\" aria-level=\"1\"><\/li>\n<\/ol>\n<h3><b>Etapa 4: Login e verifica\u00e7\u00e3o<\/b><\/h3>\n<p><span style=\"font-weight: 400;\">Ap\u00f3s confirmar seu registro, voc\u00ea pode fazer login na sua conta e come\u00e7ar a jogar. No entanto, o uso completo de todos os recursos do cassino pode exigir a verifica\u00e7\u00e3o da conta.<\/span><\/p>\n<ol>\n<li style=\"font-weight: 400;\" aria-level=\"1\"><b>Fa\u00e7a login na sua conta<\/b><span style=\"font-weight: 400;\">:<\/span>\n<ul>\n<li style=\"font-weight: 400;\" aria-level=\"2\"><span style=\"font-weight: 400;\">Acesse o site do Pin Up Casino e clique no bot\u00e3o &#8220;Login&#8221;. Insira seu login e senha fornecidos durante o registro.<\/span><\/li>\n<\/ul>\n<\/li>\n<li style=\"font-weight: 400;\" aria-level=\"1\"><b>Complete seu perfil<\/b><span style=\"font-weight: 400;\">:<\/span>\n<ul>\n<li style=\"font-weight: 400;\" aria-level=\"2\"><span style=\"font-weight: 400;\">Na sua conta pessoal, preencha todos os dados necess\u00e1rios, como seu endere\u00e7o residencial, sexo, etc.<\/span><\/li>\n<\/ul>\n<\/li>\n<li style=\"font-weight: 400;\" aria-level=\"1\"><b>Verifica\u00e7\u00e3o da conta<\/b><span style=\"font-weight: 400;\">:<\/span>\n<ul>\n<li style=\"font-weight: 400;\" aria-level=\"2\"><span style=\"font-weight: 400;\">V\u00e1 para a se\u00e7\u00e3o &#8220;Verifica\u00e7\u00e3o&#8221; ou &#8220;Confirma\u00e7\u00e3o de Identidade&#8221;. Carregue os documentos necess\u00e1rios:<\/span>\n<ul>\n<li style=\"font-weight: 400;\" aria-level=\"3\"><span style=\"font-weight: 400;\">Uma c\u00f3pia do seu passaporte ou outro documento de identidade.<\/span><\/li>\n<li style=\"font-weight: 400;\" aria-level=\"3\"><span style=\"font-weight: 400;\">Um documento que comprove seu endere\u00e7o (por exemplo, uma conta de servi\u00e7o p\u00fablico ou extrato banc\u00e1rio).<\/span><\/li>\n<li style=\"font-weight: 400;\" aria-level=\"3\"><span style=\"font-weight: 400;\">Uma foto do seu cart\u00e3o banc\u00e1rio (se voc\u00ea planeja us\u00e1-lo para dep\u00f3sitos e retiradas). Cobre parte do n\u00famero do cart\u00e3o por seguran\u00e7a, deixando apenas os primeiros seis e os \u00faltimos quatro d\u00edgitos vis\u00edveis.<\/span><\/li>\n<\/ul>\n<\/li>\n<\/ul>\n<\/li>\n<li style=\"font-weight: 400;\" aria-level=\"1\"><b>Aguarde a confirma\u00e7\u00e3o<\/b><span style=\"font-weight: 400;\">:<\/span>\n<ul>\n<li style=\"font-weight: 400;\" aria-level=\"2\"><span style=\"font-weight: 400;\">Ap\u00f3s carregar os documentos, a administra\u00e7\u00e3o do cassino ir\u00e1 revis\u00e1-los. Isso geralmente leva de algumas horas a alguns dias. Voc\u00ea ser\u00e1 notificado quando a verifica\u00e7\u00e3o for conclu\u00edda.<\/span><\/li>\n<\/ul>\n<\/li>\n<\/ol>\n<h3><b>Etapa 5: Fazendo um dep\u00f3sito<\/b><\/h3>\n<p><span style=\"font-weight: 400;\">Ap\u00f3s o registro e verifica\u00e7\u00e3o bem-sucedidos, voc\u00ea pode fazer um dep\u00f3sito e come\u00e7ar a jogar:<\/span><\/p>\n<ol>\n<li style=\"font-weight: 400;\" aria-level=\"1\"><b>V\u00e1 para a se\u00e7\u00e3o &#8220;Caixa&#8221;<\/b><span style=\"font-weight: 400;\">:<\/span>\n<ul>\n<li style=\"font-weight: 400;\" aria-level=\"2\"><span style=\"font-weight: 400;\">Na sua conta pessoal, encontre e clique na guia &#8220;Caixa&#8221; ou &#8220;Dep\u00f3sito&#8221;.<\/span><\/li>\n<\/ul>\n<\/li>\n<li style=\"font-weight: 400;\" aria-level=\"1\"><b>Selecione um m\u00e9todo de dep\u00f3sito<\/b><span style=\"font-weight: 400;\">:<\/span>\n<ul>\n<li style=\"font-weight: 400;\" aria-level=\"2\"><span style=\"font-weight: 400;\">Escolha um m\u00e9todo conveniente para depositar fundos. O Pin Up Casino oferece v\u00e1rias op\u00e7\u00f5es, incluindo cart\u00f5es banc\u00e1rios, carteiras eletr\u00f4nicas e criptomoedas.<\/span><\/li>\n<\/ul>\n<\/li>\n<li style=\"font-weight: 400;\" aria-level=\"1\"><b>Insira o valor do dep\u00f3sito<\/b><span style=\"font-weight: 400;\">:<\/span>\n<ul>\n<li style=\"font-weight: 400;\" aria-level=\"2\"><span style=\"font-weight: 400;\">Digite o valor que deseja depositar e siga as instru\u00e7\u00f5es na tela.<\/span><\/li>\n<\/ul>\n<\/li>\n<li style=\"font-weight: 400;\" aria-level=\"1\"><b>Confirme a transa\u00e7\u00e3o<\/b><span style=\"font-weight: 400;\">:<\/span>\n<ul>\n<li style=\"font-weight: 400;\" aria-level=\"2\"><span style=\"font-weight: 400;\">Confirme o dep\u00f3sito. Os fundos ser\u00e3o creditados na sua conta de jogo instantaneamente ou dentro de alguns minutos, dependendo do m\u00e9todo de pagamento escolhido.<\/span><\/li>\n<\/ul>\n<\/li>\n<\/ol>\n<h3><b>Etapa 6: Comece a jogar<\/b><\/h3>\n<p><span style=\"font-weight: 400;\">Ap\u00f3s fazer um dep\u00f3sito, voc\u00ea pode come\u00e7ar a jogar:<\/span><\/p>\n<ol>\n<li style=\"font-weight: 400;\" aria-level=\"1\"><b>Selecione um jogo<\/b><span style=\"font-weight: 400;\">:<\/span>\n<ul>\n<li style=\"font-weight: 400;\" aria-level=\"2\"><span style=\"font-weight: 400;\">V\u00e1 para a se\u00e7\u00e3o de jogos e escolha o jogo de seu interesse, seja slots, jogos de mesa ou cassino ao vivo.<\/span><\/li>\n<\/ul>\n<\/li>\n<li style=\"font-weight: 400;\" aria-level=\"1\"><b>Comece a jogar<\/b><span style=\"font-weight: 400;\">:<\/span>\n<ul>\n<li style=\"font-weight: 400;\" aria-level=\"2\"><span style=\"font-weight: 400;\">Clique no jogo selecionado e comece a jogar usando os fundos na sua conta de jogo.<\/span><\/li>\n<\/ul>\n<\/li>\n<\/ol>\n<p><span style=\"font-weight: 400;\">Registrar-se no Pin Up Casino no Uzbequist\u00e3o \u00e9 um processo simples e r\u00e1pido que abre acesso a uma variedade de jogos de azar e b\u00f4nus. Seguindo essas etapas, voc\u00ea pode facilmente criar uma conta, completar a verifica\u00e7\u00e3o, fazer um dep\u00f3sito e come\u00e7ar a jogar. Aproveite o jogo e boa sorte!<\/span><\/p>\n","protected":false},"excerpt":{"rendered":"<p>O Pin Up Casino \u00e9 uma plataforma online popular que oferece uma ampla gama de jogos de azar e entretenimento para jogadores de diferentes pa\u00edses, incluindo o Uzbequist\u00e3o. Registrar-se no Pin Up Casino abre o acesso a slots emocionantes, jogos&#8230; <a href=\"https:\/\/pinupcasinouz.com\/pt\/registration-at-pin-up-casino-in-uzbekistan\/\" class=\"readmore\">Read more<span class=\"screen-reader-text\">Registro no Pin Up Casino no Uzbequist\u00e3o<\/span><span class=\"fa fa-angle-double-right\" aria-hidden=\"true\"><\/span><\/a><\/p>\n","protected":false},"author":1,"featured_media":0,"parent":0,"menu_order":0,"comment_status":"closed","ping_status":"closed","template":"template\/full-width.php","meta":{"footnotes":""},"class_list":["post-12","page","type-page","status-publish","hentry"],"yoast_head":"<!-- This site is optimized with the Yoast SEO plugin v27.2 - https:\/\/yoast.com\/product\/yoast-seo-wordpress\/ -->\n<title>\u0420\u0435\u0433\u0438\u0441\u0442\u0440\u0430\u0446\u0438\u044f \u0432 \u043e\u043d\u043b\u0430\u0439\u043d \u043a\u0430\u0437\u0438\u043d\u043e \u041f\u0438\u043d \u0410\u043f<\/title>\n<meta name=\"description\" content=\"Registre-se no site oficial do cassino online Pin Up para jogadores do Uzbequist\u00e3o. Jogue e ven\u00e7a no Pin Up.\" \/>\n<meta name=\"robots\" content=\"index, follow, max-snippet:-1, max-image-preview:large, max-video-preview:-1\" \/>\n<link rel=\"canonical\" href=\"https:\/\/pinupcasinouz.com\/pt\/registration-at-pin-up-casino-in-uzbekistan\/\" \/>\n<meta property=\"og:locale\" content=\"pt_PT\" \/>\n<meta property=\"og:locale:alternate\" content=\"ru_RU\" \/>\n<meta property=\"og:locale:alternate\" content=\"en_US\" \/>\n<meta property=\"og:locale:alternate\" content=\"es_ES\" \/>\n<meta property=\"og:locale:alternate\" content=\"kk\" \/>\n<meta property=\"og:locale:alternate\" content=\"ky_KY\" \/>\n<meta property=\"og:locale:alternate\" content=\"uz_UZ\" \/>\n<meta property=\"og:type\" content=\"article\" \/>\n<meta property=\"og:title\" content=\"\u0420\u0435\u0433\u0438\u0441\u0442\u0440\u0430\u0446\u0438\u044f \u0432 \u043e\u043d\u043b\u0430\u0439\u043d \u043a\u0430\u0437\u0438\u043d\u043e \u041f\u0438\u043d \u0410\u043f\" \/>\n<meta property=\"og:description\" content=\"\u041f\u0440\u043e\u0439\u0442\u0438 \u0440\u0435\u0433\u0438\u0441\u0442\u0440\u0430\u0446\u0438\u044e \u043d\u0430 \u043e\u0444\u0438\u0446\u0438\u0430\u043b\u044c\u043d\u043e\u043c \u0441\u0430\u0439\u0442\u0435 \u043e\u043d\u043b\u0430\u0439\u043d \u043a\u0430\u0437\u0438\u043d\u043e \u041f\u0438\u043d \u0434\u043b\u044f \u0438\u0433\u0440\u043e\u043a\u043e\u0432 \u0438\u0437 \u0423\u0437\u0431\u0435\u043a\u0438\u0441\u0442\u0430\u043d\u0430. \u0418\u0433\u0440\u0430\u0442\u044c \u0438 \u043f\u043e\u0431\u0435\u0436\u0434\u0430\u0442\u044c \u0432 \u041f\u0438\u043d \u0410\u043f\" \/>\n<meta property=\"og:url\" content=\"https:\/\/pinupcasinouz.com\/pt\/registration-at-pin-up-casino-in-uzbekistan\/\" \/>\n<meta property=\"og:site_name\" content=\"PinUp Casino\" \/>\n<meta property=\"article:modified_time\" content=\"2024-06-03T13:12:07+00:00\" \/>\n<meta name=\"twitter:card\" content=\"summary_large_image\" \/>\n<meta name=\"twitter:label1\" content=\"Tempo estimado de leitura\" \/>\n\t<meta name=\"twitter:data1\" content=\"18 minutos\" \/>\n<script type=\"application\/ld+json\" class=\"yoast-schema-graph\">{\"@context\":\"https:\/\/schema.org\",\"@graph\":[{\"@type\":\"WebPage\",\"@id\":\"https:\/\/pinupcasinouz.com\/registration-at-pin-up-casino-in-uzbekistan\/\",\"url\":\"https:\/\/pinupcasinouz.com\/registration-at-pin-up-casino-in-uzbekistan\/\",\"name\":\"\u0420\u0435\u0433\u0438\u0441\u0442\u0440\u0430\u0446\u0438\u044f \u0432 \u043e\u043d\u043b\u0430\u0439\u043d \u043a\u0430\u0437\u0438\u043d\u043e \u041f\u0438\u043d \u0410\u043f\",\"isPartOf\":{\"@id\":\"https:\/\/pinupcasinouz.com\/#website\"},\"datePublished\":\"2024-05-30T00:15:54+00:00\",\"dateModified\":\"2024-06-03T13:12:07+00:00\",\"description\":\"\u041f\u0440\u043e\u0439\u0442\u0438 \u0440\u0435\u0433\u0438\u0441\u0442\u0440\u0430\u0446\u0438\u044e \u043d\u0430 \u043e\u0444\u0438\u0446\u0438\u0430\u043b\u044c\u043d\u043e\u043c \u0441\u0430\u0439\u0442\u0435 \u043e\u043d\u043b\u0430\u0439\u043d \u043a\u0430\u0437\u0438\u043d\u043e \u041f\u0438\u043d \u0434\u043b\u044f \u0438\u0433\u0440\u043e\u043a\u043e\u0432 \u0438\u0437 \u0423\u0437\u0431\u0435\u043a\u0438\u0441\u0442\u0430\u043d\u0430. \u0418\u0433\u0440\u0430\u0442\u044c \u0438 \u043f\u043e\u0431\u0435\u0436\u0434\u0430\u0442\u044c \u0432 \u041f\u0438\u043d \u0410\u043f\",\"breadcrumb\":{\"@id\":\"https:\/\/pinupcasinouz.com\/registration-at-pin-up-casino-in-uzbekistan\/#breadcrumb\"},\"inLanguage\":\"pt-PT\",\"potentialAction\":[{\"@type\":\"ReadAction\",\"target\":[\"https:\/\/pinupcasinouz.com\/registration-at-pin-up-casino-in-uzbekistan\/\"]}]},{\"@type\":\"BreadcrumbList\",\"@id\":\"https:\/\/pinupcasinouz.com\/registration-at-pin-up-casino-in-uzbekistan\/#breadcrumb\",\"itemListElement\":[{\"@type\":\"ListItem\",\"position\":1,\"name\":\"\u0413\u043b\u0430\u0432\u043d\u0430\u044f \u0441\u0442\u0440\u0430\u043d\u0438\u0446\u0430\",\"item\":\"https:\/\/pinupcasinouz.com\/\"},{\"@type\":\"ListItem\",\"position\":2,\"name\":\"\u0420\u0435\u0433\u0438\u0441\u0442\u0440\u0430\u0446\u0438\u044f \u0432 \u043a\u0430\u0437\u0438\u043d\u043e \u041f\u0438\u043d \u0410\u043f \u0432 \u0423\u0437\u0431\u0435\u043a\u0438\u0441\u0442\u0430\u043d\u0435\"}]},{\"@type\":\"WebSite\",\"@id\":\"https:\/\/pinupcasinouz.com\/#website\",\"url\":\"https:\/\/pinupcasinouz.com\/\",\"name\":\"PinUp Casino\",\"description\":\"\",\"potentialAction\":[{\"@type\":\"SearchAction\",\"target\":{\"@type\":\"EntryPoint\",\"urlTemplate\":\"https:\/\/pinupcasinouz.com\/?s={search_term_string}\"},\"query-input\":{\"@type\":\"PropertyValueSpecification\",\"valueRequired\":true,\"valueName\":\"search_term_string\"}}],\"inLanguage\":\"pt-PT\"}]}<\/script>\n<!-- \/ Yoast SEO plugin. -->","yoast_head_json":{"title":"\u0420\u0435\u0433\u0438\u0441\u0442\u0440\u0430\u0446\u0438\u044f \u0432 \u043e\u043d\u043b\u0430\u0439\u043d \u043a\u0430\u0437\u0438\u043d\u043e \u041f\u0438\u043d \u0410\u043f","description":"Registre-se no site oficial do cassino online Pin Up para jogadores do Uzbequist\u00e3o. Jogue e ven\u00e7a no Pin Up.","robots":{"index":"index","follow":"follow","max-snippet":"max-snippet:-1","max-image-preview":"max-image-preview:large","max-video-preview":"max-video-preview:-1"},"canonical":"https:\/\/pinupcasinouz.com\/pt\/registration-at-pin-up-casino-in-uzbekistan\/","og_locale":"pt_PT","og_type":"article","og_title":"\u0420\u0435\u0433\u0438\u0441\u0442\u0440\u0430\u0446\u0438\u044f \u0432 \u043e\u043d\u043b\u0430\u0439\u043d \u043a\u0430\u0437\u0438\u043d\u043e \u041f\u0438\u043d \u0410\u043f","og_description":"\u041f\u0440\u043e\u0439\u0442\u0438 \u0440\u0435\u0433\u0438\u0441\u0442\u0440\u0430\u0446\u0438\u044e \u043d\u0430 \u043e\u0444\u0438\u0446\u0438\u0430\u043b\u044c\u043d\u043e\u043c \u0441\u0430\u0439\u0442\u0435 \u043e\u043d\u043b\u0430\u0439\u043d \u043a\u0430\u0437\u0438\u043d\u043e \u041f\u0438\u043d \u0434\u043b\u044f \u0438\u0433\u0440\u043e\u043a\u043e\u0432 \u0438\u0437 \u0423\u0437\u0431\u0435\u043a\u0438\u0441\u0442\u0430\u043d\u0430. \u0418\u0433\u0440\u0430\u0442\u044c \u0438 \u043f\u043e\u0431\u0435\u0436\u0434\u0430\u0442\u044c \u0432 \u041f\u0438\u043d \u0410\u043f","og_url":"https:\/\/pinupcasinouz.com\/pt\/registration-at-pin-up-casino-in-uzbekistan\/","og_site_name":"PinUp Casino","article_modified_time":"2024-06-03T13:12:07+00:00","twitter_card":"summary_large_image","twitter_misc":{"Tempo estimado de leitura":"18 minutos"},"schema":{"@context":"https:\/\/schema.org","@graph":[{"@type":"WebPage","@id":"https:\/\/pinupcasinouz.com\/registration-at-pin-up-casino-in-uzbekistan\/","url":"https:\/\/pinupcasinouz.com\/registration-at-pin-up-casino-in-uzbekistan\/","name":"\u0420\u0435\u0433\u0438\u0441\u0442\u0440\u0430\u0446\u0438\u044f \u0432 \u043e\u043d\u043b\u0430\u0439\u043d \u043a\u0430\u0437\u0438\u043d\u043e \u041f\u0438\u043d \u0410\u043f","isPartOf":{"@id":"https:\/\/pinupcasinouz.com\/#website"},"datePublished":"2024-05-30T00:15:54+00:00","dateModified":"2024-06-03T13:12:07+00:00","description":"\u041f\u0440\u043e\u0439\u0442\u0438 \u0440\u0435\u0433\u0438\u0441\u0442\u0440\u0430\u0446\u0438\u044e \u043d\u0430 \u043e\u0444\u0438\u0446\u0438\u0430\u043b\u044c\u043d\u043e\u043c \u0441\u0430\u0439\u0442\u0435 \u043e\u043d\u043b\u0430\u0439\u043d \u043a\u0430\u0437\u0438\u043d\u043e \u041f\u0438\u043d \u0434\u043b\u044f \u0438\u0433\u0440\u043e\u043a\u043e\u0432 \u0438\u0437 \u0423\u0437\u0431\u0435\u043a\u0438\u0441\u0442\u0430\u043d\u0430. \u0418\u0433\u0440\u0430\u0442\u044c \u0438 \u043f\u043e\u0431\u0435\u0436\u0434\u0430\u0442\u044c \u0432 \u041f\u0438\u043d \u0410\u043f","breadcrumb":{"@id":"https:\/\/pinupcasinouz.com\/registration-at-pin-up-casino-in-uzbekistan\/#breadcrumb"},"inLanguage":"pt-PT","potentialAction":[{"@type":"ReadAction","target":["https:\/\/pinupcasinouz.com\/registration-at-pin-up-casino-in-uzbekistan\/"]}]},{"@type":"BreadcrumbList","@id":"https:\/\/pinupcasinouz.com\/registration-at-pin-up-casino-in-uzbekistan\/#breadcrumb","itemListElement":[{"@type":"ListItem","position":1,"name":"\u0413\u043b\u0430\u0432\u043d\u0430\u044f \u0441\u0442\u0440\u0430\u043d\u0438\u0446\u0430","item":"https:\/\/pinupcasinouz.com\/"},{"@type":"ListItem","position":2,"name":"\u0420\u0435\u0433\u0438\u0441\u0442\u0440\u0430\u0446\u0438\u044f \u0432 \u043a\u0430\u0437\u0438\u043d\u043e \u041f\u0438\u043d \u0410\u043f \u0432 \u0423\u0437\u0431\u0435\u043a\u0438\u0441\u0442\u0430\u043d\u0435"}]},{"@type":"WebSite","@id":"https:\/\/pinupcasinouz.com\/#website","url":"https:\/\/pinupcasinouz.com\/","name":"PinUp Casino","description":"","potentialAction":[{"@type":"SearchAction","target":{"@type":"EntryPoint","urlTemplate":"https:\/\/pinupcasinouz.com\/?s={search_term_string}"},"query-input":{"@type":"PropertyValueSpecification","valueRequired":true,"valueName":"search_term_string"}}],"inLanguage":"pt-PT"}]}},"_links":{"self":[{"href":"https:\/\/pinupcasinouz.com\/pt\/wp-json\/wp\/v2\/pages\/12","targetHints":{"allow":["GET"]}}],"collection":[{"href":"https:\/\/pinupcasinouz.com\/pt\/wp-json\/wp\/v2\/pages"}],"about":[{"href":"https:\/\/pinupcasinouz.com\/pt\/wp-json\/wp\/v2\/types\/page"}],"author":[{"embeddable":true,"href":"https:\/\/pinupcasinouz.com\/pt\/wp-json\/wp\/v2\/users\/1"}],"replies":[{"embeddable":true,"href":"https:\/\/pinupcasinouz.com\/pt\/wp-json\/wp\/v2\/comments?post=12"}],"version-history":[{"count":15,"href":"https:\/\/pinupcasinouz.com\/pt\/wp-json\/wp\/v2\/pages\/12\/revisions"}],"predecessor-version":[{"id":73,"href":"https:\/\/pinupcasinouz.com\/pt\/wp-json\/wp\/v2\/pages\/12\/revisions\/73"}],"wp:attachment":[{"href":"https:\/\/pinupcasinouz.com\/pt\/wp-json\/wp\/v2\/media?parent=12"}],"curies":[{"name":"wp","href":"https:\/\/api.w.org\/{rel}","templated":true}]}}