{"id":14,"date":"2024-05-30T03:17:47","date_gmt":"2024-05-30T00:17:47","guid":{"rendered":"https:\/\/pinupcasinouz.com\/?page_id=14"},"modified":"2024-06-03T16:12:22","modified_gmt":"2024-06-03T13:12:22","slug":"how-to-make-a-deposit-in-pin-up-casino-in-uzbekistan","status":"publish","type":"page","link":"https:\/\/pinupcasinouz.com\/es\/how-to-make-a-deposit-in-pin-up-casino-in-uzbekistan\/","title":{"rendered":"C\u00f3mo Hacer un Dep\u00f3sito en Pin Up Casino en Uzbekist\u00e1n"},"content":{"rendered":"<p><span style=\"font-weight: 400;\">Pin Up Casino ofrece m\u00e9todos de dep\u00f3sito convenientes y seguros para jugadores en Uzbekist\u00e1n. En este art\u00edculo, discutiremos cada paso del proceso en detalle para que puedas cargar r\u00e1pidamente y f\u00e1cilmente tu cuenta de juego y disfrutar de tus juegos favoritos.<\/span><\/p>\n<h3><b>Paso 1: Registro en el sitio web de Pin Up Casino<\/b><\/h3>\n<p><span style=\"font-weight: 400;\">Antes de hacer un dep\u00f3sito, necesitas crear una cuenta en el sitio web de Pin Up Casino. Si ya est\u00e1s registrado, omite este paso.<\/span><\/p>\n<ol>\n<li style=\"font-weight: 400;\" aria-level=\"1\"><b>Ve al sitio web oficial de Pin Up Casino<\/b><span style=\"font-weight: 400;\">:<\/span>\n<ul>\n<li style=\"font-weight: 400;\" aria-level=\"2\"><span style=\"font-weight: 400;\">Abre un navegador e ingresa la URL del sitio web oficial de Pin Up Casino.<\/span><\/li>\n<\/ul>\n<\/li>\n<li style=\"font-weight: 400;\" aria-level=\"1\"><b>Rellena el formulario de registro<\/b><span style=\"font-weight: 400;\">:<\/span>\n<ul>\n<li style=\"font-weight: 400;\" aria-level=\"2\"><span style=\"font-weight: 400;\">Haz clic en el bot\u00f3n \u00abRegistro\u00bb.<\/span><\/li>\n<li style=\"font-weight: 400;\" aria-level=\"2\"><span style=\"font-weight: 400;\">Ingresa tus datos: nombre, direcci\u00f3n de correo electr\u00f3nico, n\u00famero de tel\u00e9fono y crea una contrase\u00f1a.<\/span><\/li>\n<li style=\"font-weight: 400;\" aria-level=\"2\"><span style=\"font-weight: 400;\">Confirma tu acuerdo con las reglas y condiciones del casino.<\/span><\/li>\n<\/ul>\n<\/li>\n<li style=\"font-weight: 400;\" aria-level=\"1\"><b>Confirma el registro<\/b><span style=\"font-weight: 400;\">:<\/span>\n<ul>\n<li style=\"font-weight: 400;\" aria-level=\"2\"><span style=\"font-weight: 400;\">Se enviar\u00e1 un correo electr\u00f3nico de confirmaci\u00f3n con un enlace de registro a tu direcci\u00f3n de correo electr\u00f3nico.<\/span><\/li>\n<li style=\"font-weight: 400;\" aria-level=\"2\"><span style=\"font-weight: 400;\">Sigue el enlace para activar tu cuenta.<\/span><\/li>\n<\/ul>\n<\/li>\n<\/ol>\n<h3><b>Paso 2: Inicia sesi\u00f3n en tu cuenta<\/b><\/h3>\n<p><span style=\"font-weight: 400;\">Despu\u00e9s de registrarte con \u00e9xito o si ya eres un usuario registrado, inicia sesi\u00f3n en tu cuenta.<\/span><\/p>\n<ol>\n<li style=\"font-weight: 400;\" aria-level=\"1\"><b>Haz clic en el bot\u00f3n \u00abIniciar sesi\u00f3n\u00bb<\/b><span style=\"font-weight: 400;\">:<\/span>\n<ul>\n<li style=\"font-weight: 400;\" aria-level=\"2\"><span style=\"font-weight: 400;\">Ingresa tu nombre de usuario y contrase\u00f1a.<\/span><\/li>\n<li style=\"font-weight: 400;\" aria-level=\"2\"><span style=\"font-weight: 400;\">Haz clic en \u00abIniciar sesi\u00f3n\u00bb para acceder a tu cuenta.<\/span><\/li>\n<\/ul>\n<\/li>\n<\/ol>\n<h3><b>Paso 3: Ve a la secci\u00f3n \u00abCajero\u00bb<\/b><\/h3>\n<ol>\n<li style=\"font-weight: 400;\" aria-level=\"1\"><b>Encuentra la secci\u00f3n \u00abCajero\u00bb<\/b><span style=\"font-weight: 400;\">:<\/span>\n<ul>\n<li style=\"font-weight: 400;\" aria-level=\"2\"><span style=\"font-weight: 400;\">Despu\u00e9s de iniciar sesi\u00f3n en tu cuenta, ve a la secci\u00f3n \u00abCajero\u00bb. Por lo general, este bot\u00f3n se encuentra en la parte superior del sitio web.<\/span><\/li>\n<\/ul>\n<\/li>\n<li style=\"font-weight: 400;\" aria-level=\"1\"><b>Selecciona la opci\u00f3n \u00abDep\u00f3sito\u00bb<\/b><span style=\"font-weight: 400;\">:<\/span>\n<ul>\n<li style=\"font-weight: 400;\" aria-level=\"2\"><span style=\"font-weight: 400;\">En la secci\u00f3n \u00abCajero\u00bb, selecciona la pesta\u00f1a \u00abDep\u00f3sito\u00bb.<\/span><\/li>\n<\/ul>\n<\/li>\n<\/ol>\n<h3><b>Paso 4: Elige un m\u00e9todo de pago<\/b><\/h3>\n<p><span style=\"font-weight: 400;\">Pin Up Casino ofrece varios m\u00e9todos de pago convenientes para que elijas el m\u00e1s adecuado. Los m\u00e9todos disponibles pueden incluir:<\/span><\/p>\n<ol>\n<li style=\"font-weight: 400;\" aria-level=\"1\"><b>Tarjetas bancarias<\/b><span style=\"font-weight: 400;\">:<\/span>\n<ul>\n<li style=\"font-weight: 400;\" aria-level=\"2\"><span style=\"font-weight: 400;\">Visa<\/span><\/li>\n<li style=\"font-weight: 400;\" aria-level=\"2\"><span style=\"font-weight: 400;\">MasterCard<\/span><\/li>\n<\/ul>\n<\/li>\n<li style=\"font-weight: 400;\" aria-level=\"1\"><b>Monederos electr\u00f3nicos<\/b><span style=\"font-weight: 400;\">:<\/span>\n<ul>\n<li style=\"font-weight: 400;\" aria-level=\"2\"><span style=\"font-weight: 400;\">Skrill<\/span><\/li>\n<li style=\"font-weight: 400;\" aria-level=\"2\"><span style=\"font-weight: 400;\">Neteller<\/span><\/li>\n<li style=\"font-weight: 400;\" aria-level=\"2\"><span style=\"font-weight: 400;\">WebMoney<\/span><\/li>\n<\/ul>\n<\/li>\n<li style=\"font-weight: 400;\" aria-level=\"1\"><b>Criptomonedas<\/b><span style=\"font-weight: 400;\">:<\/span>\n<ul>\n<li style=\"font-weight: 400;\" aria-level=\"2\"><span style=\"font-weight: 400;\">Bitcoin<\/span><\/li>\n<li style=\"font-weight: 400;\" aria-level=\"2\"><span style=\"font-weight: 400;\">Ethereum<\/span><\/li>\n<li style=\"font-weight: 400;\" aria-level=\"2\"><span style=\"font-weight: 400;\">Otras criptomonedas populares<\/span><\/li>\n<\/ul>\n<\/li>\n<li style=\"font-weight: 400;\" aria-level=\"1\"><b>Sistemas de pago locales<\/b><span style=\"font-weight: 400;\">:<\/span>\n<ul>\n<li style=\"font-weight: 400;\" aria-level=\"2\"><span style=\"font-weight: 400;\">Payme<\/span><\/li>\n<li style=\"font-weight: 400;\" aria-level=\"2\"><span style=\"font-weight: 400;\">Click<\/span><\/li>\n<li style=\"font-weight: 400;\" aria-level=\"2\"><span style=\"font-weight: 400;\">UZCARD<\/span><\/li>\n<\/ul>\n<\/li>\n<\/ol>\n<h3><b>Paso 5: Realiza un dep\u00f3sito<\/b><\/h3>\n<p><span style=\"font-weight: 400;\">Despu\u00e9s de seleccionar el m\u00e9todo de pago, sigue las instrucciones para completar la transacci\u00f3n.<\/span><\/p>\n<ol>\n<li style=\"font-weight: 400;\" aria-level=\"1\"><b>Ingresa el monto del dep\u00f3sito<\/b><span style=\"font-weight: 400;\">:<\/span>\n<ul>\n<li style=\"font-weight: 400;\" aria-level=\"2\"><span style=\"font-weight: 400;\">Especifica la cantidad que deseas depositar en tu cuenta de juego. Presta atenci\u00f3n a los l\u00edmites m\u00ednimos y m\u00e1ximos para cada m\u00e9todo de pago.<\/span><\/li>\n<\/ul>\n<\/li>\n<li style=\"font-weight: 400;\" aria-level=\"1\"><b>Rellena los detalles del pago<\/b><span style=\"font-weight: 400;\">:<\/span>\n<ul>\n<li style=\"font-weight: 400;\" aria-level=\"2\"><span style=\"font-weight: 400;\">Ingresa los detalles necesarios para el m\u00e9todo de pago seleccionado (por ejemplo, n\u00famero de tarjeta, fecha de vencimiento, CVV para tarjetas de cr\u00e9dito o datos de inicio de sesi\u00f3n para monederos electr\u00f3nicos).<\/span><\/li>\n<\/ul>\n<\/li>\n<li style=\"font-weight: 400;\" aria-level=\"1\"><b>Confirma la transacci\u00f3n<\/b><span style=\"font-weight: 400;\">:<\/span>\n<ul>\n<li style=\"font-weight: 400;\" aria-level=\"2\"><span style=\"font-weight: 400;\">Revisa los detalles ingresados y confirma el pago. Dependiendo del m\u00e9todo de pago, es posible que debas confirmar la transacci\u00f3n a trav\u00e9s de SMS o la aplicaci\u00f3n del banco.<\/span><\/li>\n<\/ul>\n<\/li>\n<\/ol>\n<h3><b>Paso 6: Confirmaci\u00f3n del dep\u00f3sito<\/b><\/h3>\n<p><span style=\"font-weight: 400;\">Despu\u00e9s de confirmar la transacci\u00f3n, el dinero se acreditar\u00e1 en tu cuenta de juego.<\/span><\/p>\n<ol>\n<li style=\"font-weight: 400;\" aria-level=\"1\"><b>Verifica el saldo<\/b><span style=\"font-weight: 400;\">:<\/span>\n<ul>\n<li style=\"font-weight: 400;\" aria-level=\"2\"><span style=\"font-weight: 400;\">Inicia sesi\u00f3n en tu cuenta y aseg\u00farate de que el dinero se haya a\u00f1adido a tu saldo.<\/span><\/li>\n<\/ul>\n<\/li>\n<li style=\"font-weight: 400;\" aria-level=\"1\"><b>Empieza a jugar<\/b><span style=\"font-weight: 400;\">:<\/span>\n<ul>\n<li style=\"font-weight: 400;\" aria-level=\"2\"><span style=\"font-weight: 400;\">Ahora puedes utilizar los fondos depositados para jugar a tus tragamonedas favoritas, juegos de mesa o casino en vivo.<\/span><\/li>\n<\/ul>\n<\/li>\n<\/ol>\n<h3><b>Consejos \u00fatiles<\/b><\/h3>\n<ul>\n<li style=\"font-weight: 400;\" aria-level=\"1\"><b>Bonos y promociones<\/b><span style=\"font-weight: 400;\">: Antes de realizar un dep\u00f3sito, consulta las promociones y bonos actuales. Podr\u00edas obtener fondos adicionales o giros gratis en tu cuenta de juego.<\/span><\/li>\n<li style=\"font-weight: 400;\" aria-level=\"1\"><b>Seguridad<\/b><span style=\"font-weight: 400;\">: Utiliza solo sitios web oficiales y m\u00e9todos de pago verificados para proteger tus datos.<\/span><\/li>\n<li style=\"font-weight: 400;\" aria-level=\"1\"><b>Soporte<\/b><span style=\"font-weight: 400;\">: Si tienes alg\u00fan problema al realizar un dep\u00f3sito, contacta con el equipo de soporte de Pin Up Casino. Est\u00e1n disponibles 24\/7 y listos para asistirte.<\/span><\/li>\n<\/ul>\n<h2><b>Conclusi\u00f3n<\/b><\/h2>\n<p><span style=\"font-weight: 400;\">Depositar dinero en Pin Up Casino Uzbekist\u00e1n es un proceso r\u00e1pido y seguro. Siguiendo estos sencillos pasos, puedes recargar tu cuenta y disfrutar de emocionantes juegos de azar. \u00a1Buena suerte y divi\u00e9rtete jugando en Pin Up Casino!<\/span><\/p>\n","protected":false},"excerpt":{"rendered":"<p>Pin Up Casino ofrece m\u00e9todos de dep\u00f3sito convenientes y seguros para jugadores en Uzbekist\u00e1n. En este art\u00edculo, discutiremos cada paso del proceso en detalle para que puedas cargar r\u00e1pidamente y f\u00e1cilmente tu cuenta de juego y disfrutar de tus juegos&#8230; <a href=\"https:\/\/pinupcasinouz.com\/es\/how-to-make-a-deposit-in-pin-up-casino-in-uzbekistan\/\" class=\"readmore\">Leer m\u00e1s<span class=\"screen-reader-text\">C\u00f3mo Hacer un Dep\u00f3sito en Pin Up Casino en Uzbekist\u00e1n<\/span><span class=\"fa fa-angle-double-right\" aria-hidden=\"true\"><\/span><\/a><\/p>\n","protected":false},"author":1,"featured_media":0,"parent":0,"menu_order":0,"comment_status":"closed","ping_status":"closed","template":"template\/full-width.php","meta":{"footnotes":""},"class_list":["post-14","page","type-page","status-publish","hentry"],"yoast_head":"<!-- This site is optimized with the Yoast SEO plugin v27.2 - https:\/\/yoast.com\/product\/yoast-seo-wordpress\/ -->\n<title>\u0412\u043d\u0435\u0441\u0442\u0438 \u0434\u0435\u043f\u043e\u0437\u0438\u0442 \u0432 \u043a\u0430\u0437\u0438\u043d\u043e \u041f\u0438\u043d \u0410\u043f \u0432 \u0423\u0437\u0431\u0435\u043a\u0438\u0441\u0442\u0430\u043d\u0435<\/title>\n<meta name=\"description\" content=\"Depositar en tu cuenta de jugador en el Casino Pin Up es f\u00e1cil. Las tarjetas bancarias, las criptomonedas y las billeteras electr\u00f3nicas te ayudar\u00e1n a empezar a jugar en Pin Up.\" \/>\n<meta name=\"robots\" content=\"index, follow, max-snippet:-1, max-image-preview:large, max-video-preview:-1\" \/>\n<link rel=\"canonical\" href=\"https:\/\/pinupcasinouz.com\/es\/how-to-make-a-deposit-in-pin-up-casino-in-uzbekistan\/\" \/>\n<meta property=\"og:locale\" content=\"es_ES\" \/>\n<meta property=\"og:locale:alternate\" content=\"ru_RU\" \/>\n<meta property=\"og:locale:alternate\" content=\"en_US\" \/>\n<meta property=\"og:locale:alternate\" content=\"pt_PT\" \/>\n<meta property=\"og:locale:alternate\" content=\"kk\" \/>\n<meta property=\"og:locale:alternate\" content=\"ky_KY\" \/>\n<meta property=\"og:locale:alternate\" content=\"uz_UZ\" \/>\n<meta property=\"og:type\" content=\"article\" \/>\n<meta property=\"og:title\" content=\"\u0412\u043d\u0435\u0441\u0442\u0438 \u0434\u0435\u043f\u043e\u0437\u0438\u0442 \u0432 \u043a\u0430\u0437\u0438\u043d\u043e \u041f\u0438\u043d \u0410\u043f \u0432 \u0423\u0437\u0431\u0435\u043a\u0438\u0441\u0442\u0430\u043d\u0435\" \/>\n<meta property=\"og:description\" content=\"\u0412\u043d\u0435\u0441\u0442\u0438 \u0434\u0435\u043f\u043e\u0437\u0438\u0442 \u043d\u0430 \u0441\u0432\u043e\u0439 \u0441\u0447\u0435\u0442 \u0438\u0433\u0440\u043e\u043a\u0430 \u0432 \u043a\u0430\u0437\u0438\u043d\u043e Pin Up \u043d\u0435 \u0441\u043e\u0441\u0442\u0430\u0432\u0438\u0442 \u0442\u0440\u0443\u0434\u0430. \u0411\u0430\u043d\u043a\u043e\u0432\u0441\u043a\u0438\u0435 \u043a\u0430\u0440\u0442\u044b, \u043a\u0440\u0438\u043f\u0442\u043e\u0432\u0430\u043b\u044e\u0442\u044b \u0438 \u044d\u043b\u0435\u043a\u0442\u0440\u043e\u043d\u043d\u044b\u0435 \u043a\u043e\u0448\u0435\u043b\u044c\u043a\u0438 \u043f\u043e\u043c\u043e\u0433\u0443\u0442 \u043d\u0430\u0447\u0430\u0442\u044c \u0438\u0433\u0440\u0430\u0442\u044c \u0432 \u041f\u0438\u043d \u0410\u043f\" \/>\n<meta property=\"og:url\" content=\"https:\/\/pinupcasinouz.com\/es\/how-to-make-a-deposit-in-pin-up-casino-in-uzbekistan\/\" \/>\n<meta property=\"og:site_name\" content=\"PinUp Casino\" \/>\n<meta property=\"article:modified_time\" content=\"2024-06-03T13:12:22+00:00\" \/>\n<meta name=\"twitter:card\" content=\"summary_large_image\" \/>\n<meta name=\"twitter:label1\" content=\"Tiempo de lectura\" \/>\n\t<meta name=\"twitter:data1\" content=\"12 minutos\" \/>\n<script type=\"application\/ld+json\" class=\"yoast-schema-graph\">{\"@context\":\"https:\/\/schema.org\",\"@graph\":[{\"@type\":\"WebPage\",\"@id\":\"https:\/\/pinupcasinouz.com\/how-to-make-a-deposit-in-pin-up-casino-in-uzbekistan\/\",\"url\":\"https:\/\/pinupcasinouz.com\/how-to-make-a-deposit-in-pin-up-casino-in-uzbekistan\/\",\"name\":\"\u0412\u043d\u0435\u0441\u0442\u0438 \u0434\u0435\u043f\u043e\u0437\u0438\u0442 \u0432 \u043a\u0430\u0437\u0438\u043d\u043e \u041f\u0438\u043d \u0410\u043f \u0432 \u0423\u0437\u0431\u0435\u043a\u0438\u0441\u0442\u0430\u043d\u0435\",\"isPartOf\":{\"@id\":\"https:\/\/pinupcasinouz.com\/#website\"},\"datePublished\":\"2024-05-30T00:17:47+00:00\",\"dateModified\":\"2024-06-03T13:12:22+00:00\",\"description\":\"\u0412\u043d\u0435\u0441\u0442\u0438 \u0434\u0435\u043f\u043e\u0437\u0438\u0442 \u043d\u0430 \u0441\u0432\u043e\u0439 \u0441\u0447\u0435\u0442 \u0438\u0433\u0440\u043e\u043a\u0430 \u0432 \u043a\u0430\u0437\u0438\u043d\u043e Pin Up \u043d\u0435 \u0441\u043e\u0441\u0442\u0430\u0432\u0438\u0442 \u0442\u0440\u0443\u0434\u0430. \u0411\u0430\u043d\u043a\u043e\u0432\u0441\u043a\u0438\u0435 \u043a\u0430\u0440\u0442\u044b, \u043a\u0440\u0438\u043f\u0442\u043e\u0432\u0430\u043b\u044e\u0442\u044b \u0438 \u044d\u043b\u0435\u043a\u0442\u0440\u043e\u043d\u043d\u044b\u0435 \u043a\u043e\u0448\u0435\u043b\u044c\u043a\u0438 \u043f\u043e\u043c\u043e\u0433\u0443\u0442 \u043d\u0430\u0447\u0430\u0442\u044c \u0438\u0433\u0440\u0430\u0442\u044c \u0432 \u041f\u0438\u043d \u0410\u043f\",\"breadcrumb\":{\"@id\":\"https:\/\/pinupcasinouz.com\/how-to-make-a-deposit-in-pin-up-casino-in-uzbekistan\/#breadcrumb\"},\"inLanguage\":\"es-ES\",\"potentialAction\":[{\"@type\":\"ReadAction\",\"target\":[\"https:\/\/pinupcasinouz.com\/how-to-make-a-deposit-in-pin-up-casino-in-uzbekistan\/\"]}]},{\"@type\":\"BreadcrumbList\",\"@id\":\"https:\/\/pinupcasinouz.com\/how-to-make-a-deposit-in-pin-up-casino-in-uzbekistan\/#breadcrumb\",\"itemListElement\":[{\"@type\":\"ListItem\",\"position\":1,\"name\":\"\u0413\u043b\u0430\u0432\u043d\u0430\u044f \u0441\u0442\u0440\u0430\u043d\u0438\u0446\u0430\",\"item\":\"https:\/\/pinupcasinouz.com\/\"},{\"@type\":\"ListItem\",\"position\":2,\"name\":\"\u041a\u0430\u043a \u0432\u043d\u0435\u0441\u0442\u0438 \u0434\u0435\u043f\u043e\u0437\u0438\u0442 \u0432 \u043a\u0430\u0437\u0438\u043d\u043e \u041f\u0438\u043d \u0410\u043f \u0432 \u0423\u0437\u0431\u0435\u043a\u0438\u0441\u0442\u0430\u043d\u0435\"}]},{\"@type\":\"WebSite\",\"@id\":\"https:\/\/pinupcasinouz.com\/#website\",\"url\":\"https:\/\/pinupcasinouz.com\/\",\"name\":\"PinUp Casino\",\"description\":\"\",\"potentialAction\":[{\"@type\":\"SearchAction\",\"target\":{\"@type\":\"EntryPoint\",\"urlTemplate\":\"https:\/\/pinupcasinouz.com\/?s={search_term_string}\"},\"query-input\":{\"@type\":\"PropertyValueSpecification\",\"valueRequired\":true,\"valueName\":\"search_term_string\"}}],\"inLanguage\":\"es-ES\"}]}<\/script>\n<!-- \/ Yoast SEO plugin. -->","yoast_head_json":{"title":"\u0412\u043d\u0435\u0441\u0442\u0438 \u0434\u0435\u043f\u043e\u0437\u0438\u0442 \u0432 \u043a\u0430\u0437\u0438\u043d\u043e \u041f\u0438\u043d \u0410\u043f \u0432 \u0423\u0437\u0431\u0435\u043a\u0438\u0441\u0442\u0430\u043d\u0435","description":"Depositar en tu cuenta de jugador en el Casino Pin Up es f\u00e1cil. Las tarjetas bancarias, las criptomonedas y las billeteras electr\u00f3nicas te ayudar\u00e1n a empezar a jugar en Pin Up.","robots":{"index":"index","follow":"follow","max-snippet":"max-snippet:-1","max-image-preview":"max-image-preview:large","max-video-preview":"max-video-preview:-1"},"canonical":"https:\/\/pinupcasinouz.com\/es\/how-to-make-a-deposit-in-pin-up-casino-in-uzbekistan\/","og_locale":"es_ES","og_type":"article","og_title":"\u0412\u043d\u0435\u0441\u0442\u0438 \u0434\u0435\u043f\u043e\u0437\u0438\u0442 \u0432 \u043a\u0430\u0437\u0438\u043d\u043e \u041f\u0438\u043d \u0410\u043f \u0432 \u0423\u0437\u0431\u0435\u043a\u0438\u0441\u0442\u0430\u043d\u0435","og_description":"\u0412\u043d\u0435\u0441\u0442\u0438 \u0434\u0435\u043f\u043e\u0437\u0438\u0442 \u043d\u0430 \u0441\u0432\u043e\u0439 \u0441\u0447\u0435\u0442 \u0438\u0433\u0440\u043e\u043a\u0430 \u0432 \u043a\u0430\u0437\u0438\u043d\u043e Pin Up \u043d\u0435 \u0441\u043e\u0441\u0442\u0430\u0432\u0438\u0442 \u0442\u0440\u0443\u0434\u0430. \u0411\u0430\u043d\u043a\u043e\u0432\u0441\u043a\u0438\u0435 \u043a\u0430\u0440\u0442\u044b, \u043a\u0440\u0438\u043f\u0442\u043e\u0432\u0430\u043b\u044e\u0442\u044b \u0438 \u044d\u043b\u0435\u043a\u0442\u0440\u043e\u043d\u043d\u044b\u0435 \u043a\u043e\u0448\u0435\u043b\u044c\u043a\u0438 \u043f\u043e\u043c\u043e\u0433\u0443\u0442 \u043d\u0430\u0447\u0430\u0442\u044c \u0438\u0433\u0440\u0430\u0442\u044c \u0432 \u041f\u0438\u043d \u0410\u043f","og_url":"https:\/\/pinupcasinouz.com\/es\/how-to-make-a-deposit-in-pin-up-casino-in-uzbekistan\/","og_site_name":"PinUp Casino","article_modified_time":"2024-06-03T13:12:22+00:00","twitter_card":"summary_large_image","twitter_misc":{"Tiempo de lectura":"12 minutos"},"schema":{"@context":"https:\/\/schema.org","@graph":[{"@type":"WebPage","@id":"https:\/\/pinupcasinouz.com\/how-to-make-a-deposit-in-pin-up-casino-in-uzbekistan\/","url":"https:\/\/pinupcasinouz.com\/how-to-make-a-deposit-in-pin-up-casino-in-uzbekistan\/","name":"\u0412\u043d\u0435\u0441\u0442\u0438 \u0434\u0435\u043f\u043e\u0437\u0438\u0442 \u0432 \u043a\u0430\u0437\u0438\u043d\u043e \u041f\u0438\u043d \u0410\u043f \u0432 \u0423\u0437\u0431\u0435\u043a\u0438\u0441\u0442\u0430\u043d\u0435","isPartOf":{"@id":"https:\/\/pinupcasinouz.com\/#website"},"datePublished":"2024-05-30T00:17:47+00:00","dateModified":"2024-06-03T13:12:22+00:00","description":"\u0412\u043d\u0435\u0441\u0442\u0438 \u0434\u0435\u043f\u043e\u0437\u0438\u0442 \u043d\u0430 \u0441\u0432\u043e\u0439 \u0441\u0447\u0435\u0442 \u0438\u0433\u0440\u043e\u043a\u0430 \u0432 \u043a\u0430\u0437\u0438\u043d\u043e Pin Up \u043d\u0435 \u0441\u043e\u0441\u0442\u0430\u0432\u0438\u0442 \u0442\u0440\u0443\u0434\u0430. \u0411\u0430\u043d\u043a\u043e\u0432\u0441\u043a\u0438\u0435 \u043a\u0430\u0440\u0442\u044b, \u043a\u0440\u0438\u043f\u0442\u043e\u0432\u0430\u043b\u044e\u0442\u044b \u0438 \u044d\u043b\u0435\u043a\u0442\u0440\u043e\u043d\u043d\u044b\u0435 \u043a\u043e\u0448\u0435\u043b\u044c\u043a\u0438 \u043f\u043e\u043c\u043e\u0433\u0443\u0442 \u043d\u0430\u0447\u0430\u0442\u044c \u0438\u0433\u0440\u0430\u0442\u044c \u0432 \u041f\u0438\u043d \u0410\u043f","breadcrumb":{"@id":"https:\/\/pinupcasinouz.com\/how-to-make-a-deposit-in-pin-up-casino-in-uzbekistan\/#breadcrumb"},"inLanguage":"es-ES","potentialAction":[{"@type":"ReadAction","target":["https:\/\/pinupcasinouz.com\/how-to-make-a-deposit-in-pin-up-casino-in-uzbekistan\/"]}]},{"@type":"BreadcrumbList","@id":"https:\/\/pinupcasinouz.com\/how-to-make-a-deposit-in-pin-up-casino-in-uzbekistan\/#breadcrumb","itemListElement":[{"@type":"ListItem","position":1,"name":"\u0413\u043b\u0430\u0432\u043d\u0430\u044f \u0441\u0442\u0440\u0430\u043d\u0438\u0446\u0430","item":"https:\/\/pinupcasinouz.com\/"},{"@type":"ListItem","position":2,"name":"\u041a\u0430\u043a \u0432\u043d\u0435\u0441\u0442\u0438 \u0434\u0435\u043f\u043e\u0437\u0438\u0442 \u0432 \u043a\u0430\u0437\u0438\u043d\u043e \u041f\u0438\u043d \u0410\u043f \u0432 \u0423\u0437\u0431\u0435\u043a\u0438\u0441\u0442\u0430\u043d\u0435"}]},{"@type":"WebSite","@id":"https:\/\/pinupcasinouz.com\/#website","url":"https:\/\/pinupcasinouz.com\/","name":"PinUp Casino","description":"","potentialAction":[{"@type":"SearchAction","target":{"@type":"EntryPoint","urlTemplate":"https:\/\/pinupcasinouz.com\/?s={search_term_string}"},"query-input":{"@type":"PropertyValueSpecification","valueRequired":true,"valueName":"search_term_string"}}],"inLanguage":"es-ES"}]}},"_links":{"self":[{"href":"https:\/\/pinupcasinouz.com\/es\/wp-json\/wp\/v2\/pages\/14","targetHints":{"allow":["GET"]}}],"collection":[{"href":"https:\/\/pinupcasinouz.com\/es\/wp-json\/wp\/v2\/pages"}],"about":[{"href":"https:\/\/pinupcasinouz.com\/es\/wp-json\/wp\/v2\/types\/page"}],"author":[{"embeddable":true,"href":"https:\/\/pinupcasinouz.com\/es\/wp-json\/wp\/v2\/users\/1"}],"replies":[{"embeddable":true,"href":"https:\/\/pinupcasinouz.com\/es\/wp-json\/wp\/v2\/comments?post=14"}],"version-history":[{"count":19,"href":"https:\/\/pinupcasinouz.com\/es\/wp-json\/wp\/v2\/pages\/14\/revisions"}],"predecessor-version":[{"id":57,"href":"https:\/\/pinupcasinouz.com\/es\/wp-json\/wp\/v2\/pages\/14\/revisions\/57"}],"wp:attachment":[{"href":"https:\/\/pinupcasinouz.com\/es\/wp-json\/wp\/v2\/media?parent=14"}],"curies":[{"name":"wp","href":"https:\/\/api.w.org\/{rel}","templated":true}]}}