{"id":12,"date":"2024-05-30T03:15:54","date_gmt":"2024-05-30T00:15:54","guid":{"rendered":"https:\/\/pinupcasinouz.com\/?page_id=12"},"modified":"2024-06-03T16:12:07","modified_gmt":"2024-06-03T13:12:07","slug":"registration-at-pin-up-casino-in-uzbekistan","status":"publish","type":"page","link":"https:\/\/pinupcasinouz.com\/es\/registration-at-pin-up-casino-in-uzbekistan\/","title":{"rendered":"Registro en Pin Up Casino en Uzbekist\u00e1n"},"content":{"rendered":"<p><span style=\"font-weight: 400;\">Pin Up Casino es una popular plataforma en l\u00ednea que ofrece una amplia gama de juegos de azar y entretenimiento para jugadores de diferentes pa\u00edses, incluyendo Uzbekist\u00e1n. Registrarse en Pin Up Casino abre el acceso a emocionantes tragamonedas, juegos de mesa, casino en vivo y numerosos bonos. En este art\u00edculo, explicaremos en detalle c\u00f3mo pasar por el proceso de registro y comenzar a jugar en Pin Up Casino.<\/span><\/p>\n<h3><b>Paso 1: Visitar el sitio web oficial de Pin Up Casino<\/b><\/h3>\n<p><span style=\"font-weight: 400;\">El primer paso para registrarse en Pin Up Casino es visitar el sitio web oficial:<\/span><\/p>\n<ol>\n<li style=\"font-weight: 400;\" aria-level=\"1\"><b>Abre tu navegador<\/b><span style=\"font-weight: 400;\">:<\/span>\n<ul>\n<li style=\"font-weight: 400;\" aria-level=\"2\"><span style=\"font-weight: 400;\">Utiliza cualquier navegador conveniente en tu computadora o dispositivo m\u00f3vil.<\/span><\/li>\n<\/ul>\n<\/li>\n<li style=\"font-weight: 400;\" aria-level=\"1\"><b>Ve al sitio web de Pin Up Casino<\/b><span style=\"font-weight: 400;\">:<\/span>\n<ul>\n<li style=\"font-weight: 400;\" aria-level=\"2\"><span style=\"font-weight: 400;\">Ingresa la URL del sitio web oficial de Pin Up Casino en la barra de direcciones del navegador. Aseg\u00farate de usar el sitio web oficial para evitar recursos fraudulentos.<\/span><\/li>\n<\/ul>\n<\/li>\n<\/ol>\n<h3><b>Paso 2: Iniciar el proceso de registro<\/b><\/h3>\n<p><span style=\"font-weight: 400;\">Despu\u00e9s de visitar el sitio web, necesitas iniciar el proceso de registro:<\/span><\/p>\n<ol>\n<li style=\"font-weight: 400;\" aria-level=\"1\"><b>Haz clic en el bot\u00f3n \u00abRegistrarse\u00bb<\/b><span style=\"font-weight: 400;\">:<\/span>\n<ul>\n<li style=\"font-weight: 400;\" aria-level=\"2\"><span style=\"font-weight: 400;\">En la p\u00e1gina de inicio, encuentra y haz clic en el bot\u00f3n \u00abRegistrarse\u00bb. Generalmente se encuentra en la parte superior de la p\u00e1gina.<\/span><\/li>\n<\/ul>\n<\/li>\n<li style=\"font-weight: 400;\" aria-level=\"1\"><b>Completa el formulario de registro<\/b><span style=\"font-weight: 400;\">:<\/span>\n<ul>\n<li style=\"font-weight: 400;\" aria-level=\"2\"><span style=\"font-weight: 400;\">En la ventana que se abre, se te pedir\u00e1 que completes un formulario de registro. Ingresa los siguientes detalles:<\/span>\n<ul>\n<li style=\"font-weight: 400;\" aria-level=\"3\"><b>Nombre y apellido<\/b><span style=\"font-weight: 400;\">: Aseg\u00farate de ingresar datos reales, ya que ser\u00e1n necesarios para la verificaci\u00f3n de la cuenta.<\/span><\/li>\n<li style=\"font-weight: 400;\" aria-level=\"3\"><b>Email<\/b><span style=\"font-weight: 400;\">: Proporciona una direcci\u00f3n de correo electr\u00f3nico v\u00e1lida donde se enviar\u00e1n confirmaciones y notificaciones.<\/span><\/li>\n<li style=\"font-weight: 400;\" aria-level=\"3\"><b>N\u00famero de tel\u00e9fono<\/b><span style=\"font-weight: 400;\">: Ingresa un n\u00famero de tel\u00e9fono donde se puedan enviar c\u00f3digos de confirmaci\u00f3n.<\/span><\/li>\n<li style=\"font-weight: 400;\" aria-level=\"3\"><b>Fecha de nacimiento<\/b><span style=\"font-weight: 400;\">: Aseg\u00farate de tener al menos 18 a\u00f1os, ya que Pin Up Casino solo acepta jugadores adultos.<\/span><\/li>\n<li style=\"font-weight: 400;\" aria-level=\"3\"><b>Contrase\u00f1a<\/b><span style=\"font-weight: 400;\">: Crea una contrase\u00f1a segura para proteger tu cuenta.<\/span><\/li>\n<li style=\"font-weight: 400;\" aria-level=\"3\"><b>C\u00f3digo promocional (si est\u00e1 disponible)<\/b><span style=\"font-weight: 400;\">: Si tienes un c\u00f3digo promocional, ingr\u00e9salo en el campo correspondiente.<\/span><\/li>\n<\/ul>\n<\/li>\n<\/ul>\n<\/li>\n<li style=\"font-weight: 400;\" aria-level=\"1\"><b>Confirma tu acuerdo con los t\u00e9rminos<\/b><span style=\"font-weight: 400;\">:<\/span>\n<ul>\n<li style=\"font-weight: 400;\" aria-level=\"2\"><span style=\"font-weight: 400;\">Lee las reglas y t\u00e9rminos de Pin Up Casino y confirma tu acuerdo marcando la casilla correspondiente.<\/span><\/li>\n<\/ul>\n<\/li>\n<li style=\"font-weight: 400;\" aria-level=\"1\"><b>Haz clic en \u00abRegistrarse\u00bb<\/b><span style=\"font-weight: 400;\">:<\/span>\n<ul>\n<li style=\"font-weight: 400;\" aria-level=\"2\"><span style=\"font-weight: 400;\">Despu\u00e9s de completar todos los campos y confirmar tu acuerdo con los t\u00e9rminos, haz clic en el bot\u00f3n \u00abRegistrarse\u00bb.<\/span><\/li>\n<\/ul>\n<\/li>\n<\/ol>\n<h3><b>Paso 3: Confirmar el registro<\/b><\/h3>\n<p><span style=\"font-weight: 400;\">Despu\u00e9s de enviar el formulario de registro, necesitas confirmar tu registro:<\/span><\/p>\n<ol>\n<li style=\"font-weight: 400;\" aria-level=\"1\"><b>Revisa tu correo electr\u00f3nico<\/b><span style=\"font-weight: 400;\">:<\/span>\n<ul>\n<li style=\"font-weight: 400;\" aria-level=\"2\"><span style=\"font-weight: 400;\">Se enviar\u00e1 un correo electr\u00f3nico de confirmaci\u00f3n a la direcci\u00f3n de correo electr\u00f3nico que proporcionaste. Abre este correo electr\u00f3nico.<\/span><\/li>\n<\/ul>\n<\/li>\n<li style=\"font-weight: 400;\" aria-level=\"1\"><b>Sigue el enlace en el correo electr\u00f3nico<\/b><span style=\"font-weight: 400;\">:<\/span>\n<ul>\n<li style=\"font-weight: 400;\" aria-level=\"2\"><span style=\"font-weight: 400;\">El correo electr\u00f3nico contendr\u00e1 un enlace para confirmar tu registro. Haz clic en este enlace para activar tu cuenta.<\/span><\/li>\n<\/ul>\n<\/li>\n<li style=\"font-weight: 400;\" aria-level=\"1\"><b>Confirmaci\u00f3n del n\u00famero de tel\u00e9fono (si se requiere)<\/b><span style=\"font-weight: 400;\">:<\/span>\n<ul>\n<li style=\"font-weight: 400;\" aria-level=\"2\"><span style=\"font-weight: 400;\">En algunos casos, puede ser necesario confirmar el n\u00famero de tel\u00e9fono. Se te enviar\u00e1 un SMS con un c\u00f3digo que debes ingresar en el sitio web.<\/span><\/li>\n<\/ul>\n<\/li>\n<\/ol>\n<ol>\n<li style=\"font-weight: 400;\" aria-level=\"1\"><\/li>\n<\/ol>\n<h3><b>Paso 4: Iniciar sesi\u00f3n y verificaci\u00f3n<\/b><\/h3>\n<p><span style=\"font-weight: 400;\">Despu\u00e9s de confirmar tu registro, puedes iniciar sesi\u00f3n en tu cuenta y comenzar a jugar. Sin embargo, el uso completo de todas las funciones del casino puede requerir la verificaci\u00f3n de la cuenta.<\/span><\/p>\n<ol>\n<li style=\"font-weight: 400;\" aria-level=\"1\"><b>Inicia sesi\u00f3n en tu cuenta<\/b><span style=\"font-weight: 400;\">:<\/span>\n<ul>\n<li style=\"font-weight: 400;\" aria-level=\"2\"><span style=\"font-weight: 400;\">Ve al sitio web de Pin Up Casino y haz clic en el bot\u00f3n \u00abIniciar sesi\u00f3n\u00bb. Ingresa tu nombre de usuario y contrase\u00f1a proporcionados durante el registro.<\/span><\/li>\n<\/ul>\n<\/li>\n<li style=\"font-weight: 400;\" aria-level=\"1\"><b>Completa tu perfil<\/b><span style=\"font-weight: 400;\">:<\/span>\n<ul>\n<li style=\"font-weight: 400;\" aria-level=\"2\"><span style=\"font-weight: 400;\">En tu cuenta personal, completa todos los detalles necesarios, como tu direcci\u00f3n residencial, g\u00e9nero, etc.<\/span><\/li>\n<\/ul>\n<\/li>\n<li style=\"font-weight: 400;\" aria-level=\"1\"><b>Verificaci\u00f3n de la cuenta<\/b><span style=\"font-weight: 400;\">:<\/span>\n<ul>\n<li style=\"font-weight: 400;\" aria-level=\"2\"><span style=\"font-weight: 400;\">Ve a la secci\u00f3n de \u00abVerificaci\u00f3n\u00bb o \u00abConfirmaci\u00f3n de identidad\u00bb. Sube los documentos requeridos:<\/span>\n<ul>\n<li style=\"font-weight: 400;\" aria-level=\"3\"><span style=\"font-weight: 400;\">Una copia de tu pasaporte u otro documento de identidad.<\/span><\/li>\n<li style=\"font-weight: 400;\" aria-level=\"3\"><span style=\"font-weight: 400;\">Un documento que confirme tu direcci\u00f3n (por ejemplo, una factura de servicios p\u00fablicos o un extracto bancario).<\/span><\/li>\n<li style=\"font-weight: 400;\" aria-level=\"3\"><span style=\"font-weight: 400;\">Una foto de tu tarjeta bancaria (si planeas usarla para dep\u00f3sitos y retiros). Cubre parte del n\u00famero de la tarjeta por seguridad, dejando solo visibles los primeros seis y los \u00faltimos cuatro d\u00edgitos.<\/span><\/li>\n<\/ul>\n<\/li>\n<\/ul>\n<\/li>\n<li style=\"font-weight: 400;\" aria-level=\"1\"><b>Espera la confirmaci\u00f3n<\/b><span style=\"font-weight: 400;\">:<\/span>\n<ul>\n<li style=\"font-weight: 400;\" aria-level=\"2\"><span style=\"font-weight: 400;\">Despu\u00e9s de subir los documentos, la administraci\u00f3n del casino los revisar\u00e1. Esto generalmente toma desde unas pocas horas hasta unos pocos d\u00edas. Se te notificar\u00e1 cuando la verificaci\u00f3n est\u00e9 completa.<\/span><\/li>\n<\/ul>\n<\/li>\n<\/ol>\n<h3><b>Paso 5: Hacer un dep\u00f3sito<\/b><\/h3>\n<p><span style=\"font-weight: 400;\">Despu\u00e9s de un registro y verificaci\u00f3n exitosos, puedes hacer un dep\u00f3sito y comenzar a jugar:<\/span><\/p>\n<ol>\n<li style=\"font-weight: 400;\" aria-level=\"1\"><b>Ve a la secci\u00f3n \u00abCaja\u00bb<\/b><span style=\"font-weight: 400;\">:<\/span>\n<ul>\n<li style=\"font-weight: 400;\" aria-level=\"2\"><span style=\"font-weight: 400;\">En tu cuenta personal, encuentra y haz clic en la pesta\u00f1a \u00abCaja\u00bb o \u00abDep\u00f3sito\u00bb.<\/span><\/li>\n<\/ul>\n<\/li>\n<li style=\"font-weight: 400;\" aria-level=\"1\"><b>Selecciona un m\u00e9todo de dep\u00f3sito<\/b><span style=\"font-weight: 400;\">:<\/span>\n<ul>\n<li style=\"font-weight: 400;\" aria-level=\"2\"><span style=\"font-weight: 400;\">Elige un m\u00e9todo conveniente para depositar fondos. Pin Up Casino ofrece varias opciones, incluidas tarjetas bancarias, monederos electr\u00f3nicos y criptomonedas.<\/span><\/li>\n<\/ul>\n<\/li>\n<li style=\"font-weight: 400;\" aria-level=\"1\"><b>Ingresa el monto del dep\u00f3sito<\/b><span style=\"font-weight: 400;\">:<\/span>\n<ul>\n<li style=\"font-weight: 400;\" aria-level=\"2\"><span style=\"font-weight: 400;\">Ingresa el monto que deseas depositar y sigue las instrucciones en pantalla.<\/span><\/li>\n<\/ul>\n<\/li>\n<li style=\"font-weight: 400;\" aria-level=\"1\"><b>Confirma la transacci\u00f3n<\/b><span style=\"font-weight: 400;\">:<\/span>\n<ul>\n<li style=\"font-weight: 400;\" aria-level=\"2\"><span style=\"font-weight: 400;\">Confirma el dep\u00f3sito. Los fondos se acreditar\u00e1n en tu cuenta de juego al instante o en unos pocos minutos, dependiendo del m\u00e9todo de pago elegido.<\/span><\/li>\n<\/ul>\n<\/li>\n<\/ol>\n<h3><b>Paso 6: Comienza a jugar<\/b><\/h3>\n<p><span style=\"font-weight: 400;\">Despu\u00e9s de hacer un dep\u00f3sito, puedes comenzar a jugar:<\/span><\/p>\n<ol>\n<li style=\"font-weight: 400;\" aria-level=\"1\"><b>Selecciona un juego<\/b><span style=\"font-weight: 400;\">:<\/span>\n<ul>\n<li style=\"font-weight: 400;\" aria-level=\"2\"><span style=\"font-weight: 400;\">Ve a la secci\u00f3n de juegos y elige el juego que te interese, ya sean tragamonedas, juegos de mesa o casino en vivo.<\/span><\/li>\n<\/ul>\n<\/li>\n<li style=\"font-weight: 400;\" aria-level=\"1\"><b>Comienza a jugar<\/b><span style=\"font-weight: 400;\">:<\/span>\n<ul>\n<li style=\"font-weight: 400;\" aria-level=\"2\"><span style=\"font-weight: 400;\">Haz clic en el juego seleccionado y comienza a jugar usando los fondos en tu cuenta de juego.<\/span><\/li>\n<\/ul>\n<\/li>\n<\/ol>\n<p><span style=\"font-weight: 400;\">Registrarse en Pin Up Casino en Uzbekist\u00e1n es un proceso sencillo y r\u00e1pido que abre el acceso a una variedad de juegos de azar y bonos. Siguiendo estos pasos, puedes crear f\u00e1cilmente una cuenta, completar la verificaci\u00f3n, hacer un dep\u00f3sito y comenzar a jugar. \u00a1Disfruta del juego y buena suerte!<\/span><\/p>\n","protected":false},"excerpt":{"rendered":"<p>Pin Up Casino es una popular plataforma en l\u00ednea que ofrece una amplia gama de juegos de azar y entretenimiento para jugadores de diferentes pa\u00edses, incluyendo Uzbekist\u00e1n. Registrarse en Pin Up Casino abre el acceso a emocionantes tragamonedas, juegos de&#8230; <a href=\"https:\/\/pinupcasinouz.com\/es\/registration-at-pin-up-casino-in-uzbekistan\/\" class=\"readmore\">Leer m\u00e1s<span class=\"screen-reader-text\">Registro en Pin Up Casino en Uzbekist\u00e1n<\/span><span class=\"fa fa-angle-double-right\" aria-hidden=\"true\"><\/span><\/a><\/p>\n","protected":false},"author":1,"featured_media":0,"parent":0,"menu_order":0,"comment_status":"closed","ping_status":"closed","template":"template\/full-width.php","meta":{"footnotes":""},"class_list":["post-12","page","type-page","status-publish","hentry"],"yoast_head":"<!-- This site is optimized with the Yoast SEO plugin v27.2 - https:\/\/yoast.com\/product\/yoast-seo-wordpress\/ -->\n<title>\u0420\u0435\u0433\u0438\u0441\u0442\u0440\u0430\u0446\u0438\u044f \u0432 \u043e\u043d\u043b\u0430\u0439\u043d \u043a\u0430\u0437\u0438\u043d\u043e \u041f\u0438\u043d \u0410\u043f<\/title>\n<meta name=\"description\" content=\"Reg\u00edstrate en el sitio web oficial del casino en l\u00ednea Pin Up para jugadores de Uzbekist\u00e1n. Juega y gana en Pin Up.\" \/>\n<meta name=\"robots\" content=\"index, follow, max-snippet:-1, max-image-preview:large, max-video-preview:-1\" \/>\n<link rel=\"canonical\" href=\"https:\/\/pinupcasinouz.com\/es\/registration-at-pin-up-casino-in-uzbekistan\/\" \/>\n<meta property=\"og:locale\" content=\"es_ES\" \/>\n<meta property=\"og:locale:alternate\" content=\"ru_RU\" \/>\n<meta property=\"og:locale:alternate\" content=\"en_US\" \/>\n<meta property=\"og:locale:alternate\" content=\"pt_PT\" \/>\n<meta property=\"og:locale:alternate\" content=\"kk\" \/>\n<meta property=\"og:locale:alternate\" content=\"ky_KY\" \/>\n<meta property=\"og:locale:alternate\" content=\"uz_UZ\" \/>\n<meta property=\"og:type\" content=\"article\" \/>\n<meta property=\"og:title\" content=\"\u0420\u0435\u0433\u0438\u0441\u0442\u0440\u0430\u0446\u0438\u044f \u0432 \u043e\u043d\u043b\u0430\u0439\u043d \u043a\u0430\u0437\u0438\u043d\u043e \u041f\u0438\u043d \u0410\u043f\" \/>\n<meta property=\"og:description\" content=\"\u041f\u0440\u043e\u0439\u0442\u0438 \u0440\u0435\u0433\u0438\u0441\u0442\u0440\u0430\u0446\u0438\u044e \u043d\u0430 \u043e\u0444\u0438\u0446\u0438\u0430\u043b\u044c\u043d\u043e\u043c \u0441\u0430\u0439\u0442\u0435 \u043e\u043d\u043b\u0430\u0439\u043d \u043a\u0430\u0437\u0438\u043d\u043e \u041f\u0438\u043d \u0434\u043b\u044f \u0438\u0433\u0440\u043e\u043a\u043e\u0432 \u0438\u0437 \u0423\u0437\u0431\u0435\u043a\u0438\u0441\u0442\u0430\u043d\u0430. \u0418\u0433\u0440\u0430\u0442\u044c \u0438 \u043f\u043e\u0431\u0435\u0436\u0434\u0430\u0442\u044c \u0432 \u041f\u0438\u043d \u0410\u043f\" \/>\n<meta property=\"og:url\" content=\"https:\/\/pinupcasinouz.com\/es\/registration-at-pin-up-casino-in-uzbekistan\/\" \/>\n<meta property=\"og:site_name\" content=\"PinUp Casino\" \/>\n<meta property=\"article:modified_time\" content=\"2024-06-03T13:12:07+00:00\" \/>\n<meta name=\"twitter:card\" content=\"summary_large_image\" \/>\n<meta name=\"twitter:label1\" content=\"Tiempo de lectura\" \/>\n\t<meta name=\"twitter:data1\" content=\"18 minutos\" \/>\n<script type=\"application\/ld+json\" class=\"yoast-schema-graph\">{\"@context\":\"https:\/\/schema.org\",\"@graph\":[{\"@type\":\"WebPage\",\"@id\":\"https:\/\/pinupcasinouz.com\/registration-at-pin-up-casino-in-uzbekistan\/\",\"url\":\"https:\/\/pinupcasinouz.com\/registration-at-pin-up-casino-in-uzbekistan\/\",\"name\":\"\u0420\u0435\u0433\u0438\u0441\u0442\u0440\u0430\u0446\u0438\u044f \u0432 \u043e\u043d\u043b\u0430\u0439\u043d \u043a\u0430\u0437\u0438\u043d\u043e \u041f\u0438\u043d \u0410\u043f\",\"isPartOf\":{\"@id\":\"https:\/\/pinupcasinouz.com\/#website\"},\"datePublished\":\"2024-05-30T00:15:54+00:00\",\"dateModified\":\"2024-06-03T13:12:07+00:00\",\"description\":\"\u041f\u0440\u043e\u0439\u0442\u0438 \u0440\u0435\u0433\u0438\u0441\u0442\u0440\u0430\u0446\u0438\u044e \u043d\u0430 \u043e\u0444\u0438\u0446\u0438\u0430\u043b\u044c\u043d\u043e\u043c \u0441\u0430\u0439\u0442\u0435 \u043e\u043d\u043b\u0430\u0439\u043d \u043a\u0430\u0437\u0438\u043d\u043e \u041f\u0438\u043d \u0434\u043b\u044f \u0438\u0433\u0440\u043e\u043a\u043e\u0432 \u0438\u0437 \u0423\u0437\u0431\u0435\u043a\u0438\u0441\u0442\u0430\u043d\u0430. \u0418\u0433\u0440\u0430\u0442\u044c \u0438 \u043f\u043e\u0431\u0435\u0436\u0434\u0430\u0442\u044c \u0432 \u041f\u0438\u043d \u0410\u043f\",\"breadcrumb\":{\"@id\":\"https:\/\/pinupcasinouz.com\/registration-at-pin-up-casino-in-uzbekistan\/#breadcrumb\"},\"inLanguage\":\"es-ES\",\"potentialAction\":[{\"@type\":\"ReadAction\",\"target\":[\"https:\/\/pinupcasinouz.com\/registration-at-pin-up-casino-in-uzbekistan\/\"]}]},{\"@type\":\"BreadcrumbList\",\"@id\":\"https:\/\/pinupcasinouz.com\/registration-at-pin-up-casino-in-uzbekistan\/#breadcrumb\",\"itemListElement\":[{\"@type\":\"ListItem\",\"position\":1,\"name\":\"\u0413\u043b\u0430\u0432\u043d\u0430\u044f \u0441\u0442\u0440\u0430\u043d\u0438\u0446\u0430\",\"item\":\"https:\/\/pinupcasinouz.com\/\"},{\"@type\":\"ListItem\",\"position\":2,\"name\":\"\u0420\u0435\u0433\u0438\u0441\u0442\u0440\u0430\u0446\u0438\u044f \u0432 \u043a\u0430\u0437\u0438\u043d\u043e \u041f\u0438\u043d \u0410\u043f \u0432 \u0423\u0437\u0431\u0435\u043a\u0438\u0441\u0442\u0430\u043d\u0435\"}]},{\"@type\":\"WebSite\",\"@id\":\"https:\/\/pinupcasinouz.com\/#website\",\"url\":\"https:\/\/pinupcasinouz.com\/\",\"name\":\"PinUp Casino\",\"description\":\"\",\"potentialAction\":[{\"@type\":\"SearchAction\",\"target\":{\"@type\":\"EntryPoint\",\"urlTemplate\":\"https:\/\/pinupcasinouz.com\/?s={search_term_string}\"},\"query-input\":{\"@type\":\"PropertyValueSpecification\",\"valueRequired\":true,\"valueName\":\"search_term_string\"}}],\"inLanguage\":\"es-ES\"}]}<\/script>\n<!-- \/ Yoast SEO plugin. -->","yoast_head_json":{"title":"\u0420\u0435\u0433\u0438\u0441\u0442\u0440\u0430\u0446\u0438\u044f \u0432 \u043e\u043d\u043b\u0430\u0439\u043d \u043a\u0430\u0437\u0438\u043d\u043e \u041f\u0438\u043d \u0410\u043f","description":"Reg\u00edstrate en el sitio web oficial del casino en l\u00ednea Pin Up para jugadores de Uzbekist\u00e1n. Juega y gana en Pin Up.","robots":{"index":"index","follow":"follow","max-snippet":"max-snippet:-1","max-image-preview":"max-image-preview:large","max-video-preview":"max-video-preview:-1"},"canonical":"https:\/\/pinupcasinouz.com\/es\/registration-at-pin-up-casino-in-uzbekistan\/","og_locale":"es_ES","og_type":"article","og_title":"\u0420\u0435\u0433\u0438\u0441\u0442\u0440\u0430\u0446\u0438\u044f \u0432 \u043e\u043d\u043b\u0430\u0439\u043d \u043a\u0430\u0437\u0438\u043d\u043e \u041f\u0438\u043d \u0410\u043f","og_description":"\u041f\u0440\u043e\u0439\u0442\u0438 \u0440\u0435\u0433\u0438\u0441\u0442\u0440\u0430\u0446\u0438\u044e \u043d\u0430 \u043e\u0444\u0438\u0446\u0438\u0430\u043b\u044c\u043d\u043e\u043c \u0441\u0430\u0439\u0442\u0435 \u043e\u043d\u043b\u0430\u0439\u043d \u043a\u0430\u0437\u0438\u043d\u043e \u041f\u0438\u043d \u0434\u043b\u044f \u0438\u0433\u0440\u043e\u043a\u043e\u0432 \u0438\u0437 \u0423\u0437\u0431\u0435\u043a\u0438\u0441\u0442\u0430\u043d\u0430. \u0418\u0433\u0440\u0430\u0442\u044c \u0438 \u043f\u043e\u0431\u0435\u0436\u0434\u0430\u0442\u044c \u0432 \u041f\u0438\u043d \u0410\u043f","og_url":"https:\/\/pinupcasinouz.com\/es\/registration-at-pin-up-casino-in-uzbekistan\/","og_site_name":"PinUp Casino","article_modified_time":"2024-06-03T13:12:07+00:00","twitter_card":"summary_large_image","twitter_misc":{"Tiempo de lectura":"18 minutos"},"schema":{"@context":"https:\/\/schema.org","@graph":[{"@type":"WebPage","@id":"https:\/\/pinupcasinouz.com\/registration-at-pin-up-casino-in-uzbekistan\/","url":"https:\/\/pinupcasinouz.com\/registration-at-pin-up-casino-in-uzbekistan\/","name":"\u0420\u0435\u0433\u0438\u0441\u0442\u0440\u0430\u0446\u0438\u044f \u0432 \u043e\u043d\u043b\u0430\u0439\u043d \u043a\u0430\u0437\u0438\u043d\u043e \u041f\u0438\u043d \u0410\u043f","isPartOf":{"@id":"https:\/\/pinupcasinouz.com\/#website"},"datePublished":"2024-05-30T00:15:54+00:00","dateModified":"2024-06-03T13:12:07+00:00","description":"\u041f\u0440\u043e\u0439\u0442\u0438 \u0440\u0435\u0433\u0438\u0441\u0442\u0440\u0430\u0446\u0438\u044e \u043d\u0430 \u043e\u0444\u0438\u0446\u0438\u0430\u043b\u044c\u043d\u043e\u043c \u0441\u0430\u0439\u0442\u0435 \u043e\u043d\u043b\u0430\u0439\u043d \u043a\u0430\u0437\u0438\u043d\u043e \u041f\u0438\u043d \u0434\u043b\u044f \u0438\u0433\u0440\u043e\u043a\u043e\u0432 \u0438\u0437 \u0423\u0437\u0431\u0435\u043a\u0438\u0441\u0442\u0430\u043d\u0430. \u0418\u0433\u0440\u0430\u0442\u044c \u0438 \u043f\u043e\u0431\u0435\u0436\u0434\u0430\u0442\u044c \u0432 \u041f\u0438\u043d \u0410\u043f","breadcrumb":{"@id":"https:\/\/pinupcasinouz.com\/registration-at-pin-up-casino-in-uzbekistan\/#breadcrumb"},"inLanguage":"es-ES","potentialAction":[{"@type":"ReadAction","target":["https:\/\/pinupcasinouz.com\/registration-at-pin-up-casino-in-uzbekistan\/"]}]},{"@type":"BreadcrumbList","@id":"https:\/\/pinupcasinouz.com\/registration-at-pin-up-casino-in-uzbekistan\/#breadcrumb","itemListElement":[{"@type":"ListItem","position":1,"name":"\u0413\u043b\u0430\u0432\u043d\u0430\u044f \u0441\u0442\u0440\u0430\u043d\u0438\u0446\u0430","item":"https:\/\/pinupcasinouz.com\/"},{"@type":"ListItem","position":2,"name":"\u0420\u0435\u0433\u0438\u0441\u0442\u0440\u0430\u0446\u0438\u044f \u0432 \u043a\u0430\u0437\u0438\u043d\u043e \u041f\u0438\u043d \u0410\u043f \u0432 \u0423\u0437\u0431\u0435\u043a\u0438\u0441\u0442\u0430\u043d\u0435"}]},{"@type":"WebSite","@id":"https:\/\/pinupcasinouz.com\/#website","url":"https:\/\/pinupcasinouz.com\/","name":"PinUp Casino","description":"","potentialAction":[{"@type":"SearchAction","target":{"@type":"EntryPoint","urlTemplate":"https:\/\/pinupcasinouz.com\/?s={search_term_string}"},"query-input":{"@type":"PropertyValueSpecification","valueRequired":true,"valueName":"search_term_string"}}],"inLanguage":"es-ES"}]}},"_links":{"self":[{"href":"https:\/\/pinupcasinouz.com\/es\/wp-json\/wp\/v2\/pages\/12","targetHints":{"allow":["GET"]}}],"collection":[{"href":"https:\/\/pinupcasinouz.com\/es\/wp-json\/wp\/v2\/pages"}],"about":[{"href":"https:\/\/pinupcasinouz.com\/es\/wp-json\/wp\/v2\/types\/page"}],"author":[{"embeddable":true,"href":"https:\/\/pinupcasinouz.com\/es\/wp-json\/wp\/v2\/users\/1"}],"replies":[{"embeddable":true,"href":"https:\/\/pinupcasinouz.com\/es\/wp-json\/wp\/v2\/comments?post=12"}],"version-history":[{"count":15,"href":"https:\/\/pinupcasinouz.com\/es\/wp-json\/wp\/v2\/pages\/12\/revisions"}],"predecessor-version":[{"id":73,"href":"https:\/\/pinupcasinouz.com\/es\/wp-json\/wp\/v2\/pages\/12\/revisions\/73"}],"wp:attachment":[{"href":"https:\/\/pinupcasinouz.com\/es\/wp-json\/wp\/v2\/media?parent=12"}],"curies":[{"name":"wp","href":"https:\/\/api.w.org\/{rel}","templated":true}]}}